{"id":222,"date":"2024-01-23T10:07:35","date_gmt":"2024-01-23T07:07:35","guid":{"rendered":"https:\/\/cim.com.tr\/?page_id=222"},"modified":"2024-02-09T16:09:37","modified_gmt":"2024-02-09T13:09:37","slug":"tespit-kroseleri","status":"publish","type":"page","link":"https:\/\/www.cim.com.tr\/tespit-kroseleri\/","title":{"rendered":"TESP\u0130T KRO\u015eELER\u0130"},"content":{"rendered":"<div class=\"woocommerce columns-4\"><ul class=\"products columns-4\">\n<li class=\"product type-product post-224 status-publish first instock product_cat-tespit-kroseleri has-post-thumbnail shipping-taxable product-type-simple\">\n\t<a href=\"https:\/\/www.cim.com.tr\/en\/product\/tespit-kroseleri-ciftli-yere-tespit-kroseleri\/\" class=\"woocommerce-LoopProduct-link woocommerce-loop-product__link\"><img loading=\"lazy\" decoding=\"async\" width=\"300\" height=\"300\" src=\"https:\/\/www.cim.com.tr\/wp-content\/uploads\/2024\/01\/f35-300x300.png\" class=\"attachment-woocommerce_thumbnail size-woocommerce_thumbnail\" alt=\"\" srcset=\"https:\/\/www.cim.com.tr\/wp-content\/uploads\/2024\/01\/f35-300x300.png 300w, https:\/\/www.cim.com.tr\/wp-content\/uploads\/2024\/01\/f35-150x150.png 150w, https:\/\/www.cim.com.tr\/wp-content\/uploads\/2024\/01\/f35-100x100.png 100w, https:\/\/www.cim.com.tr\/wp-content\/uploads\/2024\/01\/f35.png 500w\" sizes=\"auto, (max-width: 300px) 100vw, 300px\" \/><h2 class=\"woocommerce-loop-product__title\">Tespit Kro\u015feleri \/ \u00c7iftli Yere Tespit Kro\u015feleri<\/h2>\n<\/a><a href=\"https:\/\/www.cim.com.tr\/en\/product\/tespit-kroseleri-ciftli-yere-tespit-kroseleri\/\" data-quantity=\"1\" class=\"button product_type_simple\" data-product_id=\"224\" data-product_sku=\"\" aria-label=\"\u201cTespit Kro\u015feleri \/ \u00c7iftli Yere Tespit Kro\u015feleri\u201d hakk\u0131nda daha fazla bilgi edinin\" aria-describedby=\"\" rel=\"nofollow\" data-no-translation=\"\" data-trp-gettext=\"\" data-no-translation-aria-label=\"\">Read more<\/a><\/li>\n<li class=\"product type-product post-226 status-publish instock product_cat-tespit-kroseleri has-post-thumbnail shipping-taxable product-type-simple\">\n\t<a href=\"https:\/\/www.cim.com.tr\/en\/product\/tespit-kroseleri-kilcik-tip-tespit-krosesi\/\" class=\"woocommerce-LoopProduct-link woocommerce-loop-product__link\"><img loading=\"lazy\" decoding=\"async\" width=\"300\" height=\"300\" src=\"https:\/\/www.cim.com.tr\/wp-content\/uploads\/2024\/01\/f36-300x300.png\" class=\"attachment-woocommerce_thumbnail size-woocommerce_thumbnail\" alt=\"\" srcset=\"https:\/\/www.cim.com.tr\/wp-content\/uploads\/2024\/01\/f36-300x300.png 300w, https:\/\/www.cim.com.tr\/wp-content\/uploads\/2024\/01\/f36-150x150.png 150w, https:\/\/www.cim.com.tr\/wp-content\/uploads\/2024\/01\/f36-100x100.png 100w, https:\/\/www.cim.com.tr\/wp-content\/uploads\/2024\/01\/f36.png 500w\" sizes=\"auto, (max-width: 300px) 100vw, 300px\" \/><h2 class=\"woocommerce-loop-product__title\">Tespit Kro\u015feleri \/ K\u0131l\u00e7\u0131k Tip Tespit Kro\u015fesi<\/h2>\n<\/a><a href=\"https:\/\/www.cim.com.tr\/en\/product\/tespit-kroseleri-kilcik-tip-tespit-krosesi\/\" data-quantity=\"1\" class=\"button product_type_simple\" data-product_id=\"226\" data-product_sku=\"\" aria-label=\"\u201cTespit Kro\u015feleri \/ K\u0131l\u00e7\u0131k Tip Tespit Kro\u015fesi\u201d hakk\u0131nda daha fazla bilgi edinin\" aria-describedby=\"\" rel=\"nofollow\" data-no-translation=\"\" data-trp-gettext=\"\" data-no-translation-aria-label=\"\">Read more<\/a><\/li>\n<\/ul>\n<\/div>","protected":false},"excerpt":{"rendered":"","protected":false},"author":1,"featured_media":0,"parent":0,"menu_order":0,"comment_status":"closed","ping_status":"closed","template":"","meta":{"footnotes":""},"class_list":["post-222","page","type-page","status-publish","hentry"],"_links":{"self":[{"href":"https:\/\/www.cim.com.tr\/en\/wp-json\/wp\/v2\/pages\/222","targetHints":{"allow":["GET"]}}],"collection":[{"href":"https:\/\/www.cim.com.tr\/en\/wp-json\/wp\/v2\/pages"}],"about":[{"href":"https:\/\/www.cim.com.tr\/en\/wp-json\/wp\/v2\/types\/page"}],"author":[{"embeddable":true,"href":"https:\/\/www.cim.com.tr\/en\/wp-json\/wp\/v2\/users\/1"}],"replies":[{"embeddable":true,"href":"https:\/\/www.cim.com.tr\/en\/wp-json\/wp\/v2\/comments?post=222"}],"version-history":[{"count":4,"href":"https:\/\/www.cim.com.tr\/en\/wp-json\/wp\/v2\/pages\/222\/revisions"}],"predecessor-version":[{"id":410,"href":"https:\/\/www.cim.com.tr\/en\/wp-json\/wp\/v2\/pages\/222\/revisions\/410"}],"wp:attachment":[{"href":"https:\/\/www.cim.com.tr\/en\/wp-json\/wp\/v2\/media?parent=222"}],"curies":[{"name":"wp","href":"https:\/\/api.w.org\/{rel}","templated":true}]}}