{"id":212,"date":"2024-01-23T09:16:44","date_gmt":"2024-01-23T06:16:44","guid":{"rendered":"https:\/\/cim.com.tr\/?page_id=212"},"modified":"2024-01-23T09:16:44","modified_gmt":"2024-01-23T06:16:44","slug":"derz-artilari","status":"publish","type":"page","link":"https:\/\/www.cim.com.tr\/derz-artilari\/","title":{"rendered":"DERZ ARTILARI"},"content":{"rendered":"<div class=\"woocommerce columns-4\"><ul class=\"products columns-4\">\n<li class=\"product type-product post-214 status-publish first instock product_cat-derz-artilari has-post-thumbnail shipping-taxable product-type-simple\">\n\t<a href=\"https:\/\/www.cim.com.tr\/en\/product\/derz-artilari-fayans-ve-karo-derz-artilari\/\" class=\"woocommerce-LoopProduct-link woocommerce-loop-product__link\"><img loading=\"lazy\" decoding=\"async\" width=\"300\" height=\"300\" src=\"https:\/\/www.cim.com.tr\/wp-content\/uploads\/2024\/01\/f32-300x300.png\" class=\"attachment-woocommerce_thumbnail size-woocommerce_thumbnail\" alt=\"\" srcset=\"https:\/\/www.cim.com.tr\/wp-content\/uploads\/2024\/01\/f32-300x300.png 300w, https:\/\/www.cim.com.tr\/wp-content\/uploads\/2024\/01\/f32-150x150.png 150w, https:\/\/www.cim.com.tr\/wp-content\/uploads\/2024\/01\/f32-100x100.png 100w, https:\/\/www.cim.com.tr\/wp-content\/uploads\/2024\/01\/f32.png 500w\" sizes=\"auto, (max-width: 300px) 100vw, 300px\" \/><h2 class=\"woocommerce-loop-product__title\">Derz Art\u0131lar\u0131 \/ Fayans ve Karo Derz Art\u0131lar\u0131<\/h2>\n<\/a><a href=\"https:\/\/www.cim.com.tr\/en\/product\/derz-artilari-fayans-ve-karo-derz-artilari\/\" data-quantity=\"1\" class=\"button product_type_simple\" data-product_id=\"214\" data-product_sku=\"\" aria-label=\"\u201cDerz Art\u0131lar\u0131 \/ Fayans ve Karo Derz Art\u0131lar\u0131\u201d hakk\u0131nda daha fazla bilgi edinin\" aria-describedby=\"\" rel=\"nofollow\" data-no-translation=\"\" data-trp-gettext=\"\" data-no-translation-aria-label=\"\">Read more<\/a><\/li>\n<li class=\"product type-product post-216 status-publish instock product_cat-derz-artilari has-post-thumbnail shipping-taxable product-type-simple\">\n\t<a href=\"https:\/\/www.cim.com.tr\/en\/product\/derz-artilari-fayans-kose-citasi\/\" class=\"woocommerce-LoopProduct-link woocommerce-loop-product__link\"><img loading=\"lazy\" decoding=\"async\" width=\"300\" height=\"300\" src=\"https:\/\/www.cim.com.tr\/wp-content\/uploads\/2024\/01\/f33-300x300.png\" class=\"attachment-woocommerce_thumbnail size-woocommerce_thumbnail\" alt=\"\" srcset=\"https:\/\/www.cim.com.tr\/wp-content\/uploads\/2024\/01\/f33-300x300.png 300w, https:\/\/www.cim.com.tr\/wp-content\/uploads\/2024\/01\/f33-150x150.png 150w, https:\/\/www.cim.com.tr\/wp-content\/uploads\/2024\/01\/f33-100x100.png 100w, https:\/\/www.cim.com.tr\/wp-content\/uploads\/2024\/01\/f33.png 500w\" sizes=\"auto, (max-width: 300px) 100vw, 300px\" \/><h2 class=\"woocommerce-loop-product__title\">Derz Art\u0131lar\u0131 \/ Fayans K\u00f6\u015fe \u00c7\u0131tas\u0131<\/h2>\n<\/a><a href=\"https:\/\/www.cim.com.tr\/en\/product\/derz-artilari-fayans-kose-citasi\/\" data-quantity=\"1\" class=\"button product_type_simple\" data-product_id=\"216\" data-product_sku=\"\" aria-label=\"\u201cDerz Art\u0131lar\u0131 \/ Fayans K\u00f6\u015fe \u00c7\u0131tas\u0131\u201d hakk\u0131nda daha fazla bilgi edinin\" aria-describedby=\"\" rel=\"nofollow\" data-no-translation=\"\" data-trp-gettext=\"\" data-no-translation-aria-label=\"\">Read more<\/a><\/li>\n<\/ul>\n<\/div>","protected":false},"excerpt":{"rendered":"","protected":false},"author":1,"featured_media":0,"parent":0,"menu_order":0,"comment_status":"closed","ping_status":"closed","template":"","meta":{"footnotes":""},"class_list":["post-212","page","type-page","status-publish","hentry"],"_links":{"self":[{"href":"https:\/\/www.cim.com.tr\/en\/wp-json\/wp\/v2\/pages\/212","targetHints":{"allow":["GET"]}}],"collection":[{"href":"https:\/\/www.cim.com.tr\/en\/wp-json\/wp\/v2\/pages"}],"about":[{"href":"https:\/\/www.cim.com.tr\/en\/wp-json\/wp\/v2\/types\/page"}],"author":[{"embeddable":true,"href":"https:\/\/www.cim.com.tr\/en\/wp-json\/wp\/v2\/users\/1"}],"replies":[{"embeddable":true,"href":"https:\/\/www.cim.com.tr\/en\/wp-json\/wp\/v2\/comments?post=212"}],"version-history":[{"count":2,"href":"https:\/\/www.cim.com.tr\/en\/wp-json\/wp\/v2\/pages\/212\/revisions"}],"predecessor-version":[{"id":274,"href":"https:\/\/www.cim.com.tr\/en\/wp-json\/wp\/v2\/pages\/212\/revisions\/274"}],"wp:attachment":[{"href":"https:\/\/www.cim.com.tr\/en\/wp-json\/wp\/v2\/media?parent=212"}],"curies":[{"name":"wp","href":"https:\/\/api.w.org\/{rel}","templated":true}]}}