{"id":21,"date":"2024-01-11T14:27:19","date_gmt":"2024-01-11T11:27:19","guid":{"rendered":"https:\/\/cim.com.tr\/?page_id=21"},"modified":"2024-01-11T14:27:19","modified_gmt":"2024-01-11T11:27:19","slug":"is-sagligi-ve-guvenligi-politikamiz","status":"publish","type":"page","link":"https:\/\/www.cim.com.tr\/is-sagligi-ve-guvenligi-politikamiz\/","title":{"rendered":"\u0130\u015e SA\u011eLI\u011eI VE G\u00dcVENL\u0130\u011e\u0130 POL\u0130T\u0130KAMIZ"},"content":{"rendered":"<p>\u00c7im Plastik olarak, i\u015f sa\u011fl\u0131\u011f\u0131 ve g\u00fcvenli\u011fi konular\u0131na olan ba\u011fl\u0131l\u0131\u011f\u0131m\u0131z\u0131 vurgulayarak, \u00e7al\u0131\u015fanlar\u0131m\u0131z\u0131n g\u00fcvenli\u011fini sa\u011flamak ve i\u015f sa\u011fl\u0131\u011f\u0131n\u0131 korumak amac\u0131yla etkili bir i\u015f sa\u011fl\u0131\u011f\u0131 ve g\u00fcvenli\u011fi politikas\u0131 benimsemekteyiz. Bu politika, \u015firket i\u00e7indeki t\u00fcm \u00e7al\u0131\u015fanlar ve payda\u015flar i\u00e7in bir rehberlik sa\u011flamaktad\u0131r.<\/p>\n\n\n\n<p><strong>\u00c7al\u0131\u015fan G\u00fcvenli\u011fi:<\/strong><br>\u00c7im Plastik olarak, i\u015f sa\u011fl\u0131\u011f\u0131 ve g\u00fcvenli\u011fi konular\u0131nda \u00e7al\u0131\u015fanlar\u0131m\u0131z\u0131n g\u00fcvenli\u011fini sa\u011flamak en y\u00fcksek \u00f6nceli\u011fimizdir. Tehlikeleri belirleme, risk de\u011ferlendirmesi yapma ve \u00f6nleyici tedbirler alma konular\u0131nda s\u00fcrekli \u00e7aba sarf ederiz. \u00c7al\u0131\u015fanlar\u0131m\u0131z\u0131 e\u011fiterek, g\u00fcvenlik bilincini art\u0131rmay\u0131 ve kazalar\u0131 minimuma indirmeyi hedefleriz.<\/p>\n\n\n\n<p><strong>Yasal ve Y\u00f6netmelik Uyumlulu\u011fu:<\/strong><br>\u00c7im Plastik, i\u015f sa\u011fl\u0131\u011f\u0131 ve g\u00fcvenli\u011fi mevzuat\u0131na tam uyum sa\u011flamay\u0131 taahh\u00fct eder. Faaliyet g\u00f6sterdi\u011fimiz her pazarda ge\u00e7erli olan t\u00fcm yasal d\u00fczenlemelere ve y\u00f6netmeliklere tam sayg\u0131 g\u00f6steririz. \u0130\u015f sa\u011fl\u0131\u011f\u0131 ve g\u00fcvenli\u011fi standartlar\u0131n\u0131 s\u00fcrekli olarak g\u00fcnceller ve geli\u015ftiririz.<\/p>\n\n\n\n<p><strong>Risk Y\u00f6netimi ve S\u00fcrekli \u0130yile\u015ftirme:<\/strong><br>\u00c7im Plastik, i\u015f s\u00fcre\u00e7lerindeki potansiyel riskleri belirler, de\u011ferlendirir ve bu riskleri en aza indirmek i\u00e7in etkili \u00f6nlemler al\u0131r. \u0130\u015f sa\u011fl\u0131\u011f\u0131 ve g\u00fcvenli\u011fi performans\u0131m\u0131z\u0131 s\u00fcrekli olarak izler ve iyile\u015ftirme f\u0131rsatlar\u0131 ara\u015ft\u0131r\u0131r\u0131z. \u00c7al\u0131\u015fanlar\u0131m\u0131z\u0131n geri bildirimlerini dikkate alarak s\u00fcrekli geli\u015fmeyi sa\u011flar\u0131z.<\/p>\n\n\n\n<p><strong>E\u011fitim ve Fark\u0131ndal\u0131k:<\/strong><br>\u00c7im Plastik, \u00e7al\u0131\u015fanlar\u0131m\u0131z\u0131 i\u015f sa\u011fl\u0131\u011f\u0131 ve g\u00fcvenli\u011fi konular\u0131nda d\u00fczenli olarak e\u011fitir. G\u00fcvenlik prosed\u00fcrleri, acil durum planlar\u0131 ve risk fakt\u00f6rleri konusunda fark\u0131ndal\u0131k yaratmay\u0131 ama\u00e7lar\u0131z. \u00c7al\u0131\u015fanlar\u0131m\u0131z\u0131n bu konulardaki bilinci art\u0131rarak g\u00fcvenli bir \u00e7al\u0131\u015fma ortam\u0131 olu\u015fturmay\u0131 hedefleriz.<\/p>\n\n\n\n<p><strong>Acil Durum Haz\u0131rl\u0131klar\u0131:<\/strong><br>\u00c7im Plastik, acil durumlar i\u00e7in etkili planlar geli\u015ftirir ve uygular. Acil durum tatbikatlar\u0131 d\u00fczenleyerek \u00e7al\u0131\u015fanlar\u0131m\u0131z\u0131n bu durumlarla ba\u015fa \u00e7\u0131kma yeteneklerini g\u00fc\u00e7lendiririz. Acil durum ekip ve ekipmanlar\u0131n\u0131 s\u00fcrekli olarak kontrol eder ve iyile\u015ftiririz.<\/p>\n\n\n\n<p>\u00c7im Plastik olarak, i\u015f sa\u011fl\u0131\u011f\u0131 ve g\u00fcvenli\u011fi politikam\u0131z\u0131 \u015firket i\u00e7indeki t\u00fcm \u00e7al\u0131\u015fanlar\u0131m\u0131z ve payda\u015flar\u0131m\u0131zla payla\u015f\u0131r\u0131z. Bu politika, \u00e7al\u0131\u015fanlar\u0131m\u0131z\u0131n g\u00fcvenli\u011fini sa\u011flamak, riskleri en aza indirmek ve s\u00fcrekli iyile\u015ftirmeyi te\u015fvik etmek amac\u0131yla bir rehberlik sunar. \u0130\u015f sa\u011fl\u0131\u011f\u0131 ve g\u00fcvenli\u011fi konular\u0131nda s\u00fcrekli bir geli\u015fim k\u00fclt\u00fcr\u00fc olu\u015fturarak, g\u00fcvenli bir \u00e7al\u0131\u015fma ortam\u0131n\u0131n s\u00fcrd\u00fcr\u00fclebilirli\u011fini sa\u011flamak i\u00e7in taahh\u00fctte bulunuruz.<\/p>","protected":false},"excerpt":{"rendered":"<p>\u00c7im Plastik olarak, i\u015f sa\u011fl\u0131\u011f\u0131 ve g\u00fcvenli\u011fi konular\u0131na olan ba\u011fl\u0131l\u0131\u011f\u0131m\u0131z\u0131 vurgulayarak, \u00e7al\u0131\u015fanlar\u0131m\u0131z\u0131n g\u00fcvenli\u011fini sa\u011flamak ve i\u015f sa\u011fl\u0131\u011f\u0131n\u0131 korumak amac\u0131yla etkili bir i\u015f sa\u011fl\u0131\u011f\u0131 ve g\u00fcvenli\u011fi politikas\u0131 benimsemekteyiz. Bu politika, \u015firket i\u00e7indeki t\u00fcm \u00e7al\u0131\u015fanlar ve payda\u015flar i\u00e7in bir rehberlik sa\u011flamaktad\u0131r. \u00c7al\u0131\u015fan G\u00fcvenli\u011fi:\u00c7im Plastik olarak, i\u015f sa\u011fl\u0131\u011f\u0131 ve g\u00fcvenli\u011fi konular\u0131nda \u00e7al\u0131\u015fanlar\u0131m\u0131z\u0131n g\u00fcvenli\u011fini sa\u011flamak en y\u00fcksek \u00f6nceli\u011fimizdir. Tehlikeleri [&hellip;]<\/p>","protected":false},"author":1,"featured_media":0,"parent":0,"menu_order":0,"comment_status":"closed","ping_status":"closed","template":"","meta":{"footnotes":""},"class_list":["post-21","page","type-page","status-publish","hentry"],"_links":{"self":[{"href":"https:\/\/www.cim.com.tr\/en\/wp-json\/wp\/v2\/pages\/21","targetHints":{"allow":["GET"]}}],"collection":[{"href":"https:\/\/www.cim.com.tr\/en\/wp-json\/wp\/v2\/pages"}],"about":[{"href":"https:\/\/www.cim.com.tr\/en\/wp-json\/wp\/v2\/types\/page"}],"author":[{"embeddable":true,"href":"https:\/\/www.cim.com.tr\/en\/wp-json\/wp\/v2\/users\/1"}],"replies":[{"embeddable":true,"href":"https:\/\/www.cim.com.tr\/en\/wp-json\/wp\/v2\/comments?post=21"}],"version-history":[{"count":1,"href":"https:\/\/www.cim.com.tr\/en\/wp-json\/wp\/v2\/pages\/21\/revisions"}],"predecessor-version":[{"id":22,"href":"https:\/\/www.cim.com.tr\/en\/wp-json\/wp\/v2\/pages\/21\/revisions\/22"}],"wp:attachment":[{"href":"https:\/\/www.cim.com.tr\/en\/wp-json\/wp\/v2\/media?parent=21"}],"curies":[{"name":"wp","href":"https:\/\/api.w.org\/{rel}","templated":true}]}}