{"id":198,"date":"2024-01-23T08:53:07","date_gmt":"2024-01-23T05:53:07","guid":{"rendered":"https:\/\/cim.com.tr\/?page_id=198"},"modified":"2024-02-09T16:32:03","modified_gmt":"2024-02-09T13:32:03","slug":"izolasyon-dubelleri","status":"publish","type":"page","link":"https:\/\/www.cim.com.tr\/izolasyon-dubelleri\/","title":{"rendered":"\u0130ZOLASYON D\u00dcBELLER\u0130"},"content":{"rendered":"<div class=\"woocommerce columns-4\"><ul class=\"products columns-4\">\n<li class=\"product type-product post-200 status-publish first instock product_cat-izolasyon-dubelleri has-post-thumbnail shipping-taxable product-type-simple\">\n\t<a href=\"https:\/\/www.cim.com.tr\/en\/product\/izolasyon-dubelleri-civili-strapor-dubeli-polyamid-civili\/\" class=\"woocommerce-LoopProduct-link woocommerce-loop-product__link\"><img loading=\"lazy\" decoding=\"async\" width=\"300\" height=\"300\" src=\"https:\/\/www.cim.com.tr\/wp-content\/uploads\/2024\/01\/f26-300x300.png\" class=\"attachment-woocommerce_thumbnail size-woocommerce_thumbnail\" alt=\"\" srcset=\"https:\/\/www.cim.com.tr\/wp-content\/uploads\/2024\/01\/f26-300x300.png 300w, https:\/\/www.cim.com.tr\/wp-content\/uploads\/2024\/01\/f26-150x150.png 150w, https:\/\/www.cim.com.tr\/wp-content\/uploads\/2024\/01\/f26-100x100.png 100w, https:\/\/www.cim.com.tr\/wp-content\/uploads\/2024\/01\/f26.png 500w\" sizes=\"auto, (max-width: 300px) 100vw, 300px\" \/><h2 class=\"woocommerce-loop-product__title\">\u0130zolasyon D\u00fcbelleri \/ \u00c7ivili Strapor D\u00fcbeli (Polyamid \u00c7ivili)<\/h2>\n<\/a><a href=\"https:\/\/www.cim.com.tr\/en\/product\/izolasyon-dubelleri-civili-strapor-dubeli-polyamid-civili\/\" data-quantity=\"1\" class=\"button product_type_simple\" data-product_id=\"200\" data-product_sku=\"\" aria-label=\"\u201c\u0130zolasyon D\u00fcbelleri \/ \u00c7ivili Strapor D\u00fcbeli (Polyamid \u00c7ivili)\u201d hakk\u0131nda daha fazla bilgi edinin\" aria-describedby=\"\" rel=\"nofollow\" data-no-translation=\"\" data-trp-gettext=\"\" data-no-translation-aria-label=\"\">Read more<\/a><\/li>\n<li class=\"product type-product post-202 status-publish instock product_cat-izolasyon-dubelleri has-post-thumbnail shipping-taxable product-type-simple\">\n\t<a href=\"https:\/\/www.cim.com.tr\/en\/product\/izolasyon-dubelleri-gaz-beton-strafor-dubeli\/\" class=\"woocommerce-LoopProduct-link woocommerce-loop-product__link\"><img loading=\"lazy\" decoding=\"async\" width=\"300\" height=\"300\" src=\"https:\/\/www.cim.com.tr\/wp-content\/uploads\/2024\/01\/f27-300x300.png\" class=\"attachment-woocommerce_thumbnail size-woocommerce_thumbnail\" alt=\"\" srcset=\"https:\/\/www.cim.com.tr\/wp-content\/uploads\/2024\/01\/f27-300x300.png 300w, https:\/\/www.cim.com.tr\/wp-content\/uploads\/2024\/01\/f27-150x150.png 150w, https:\/\/www.cim.com.tr\/wp-content\/uploads\/2024\/01\/f27-100x100.png 100w, https:\/\/www.cim.com.tr\/wp-content\/uploads\/2024\/01\/f27.png 500w\" sizes=\"auto, (max-width: 300px) 100vw, 300px\" \/><h2 class=\"woocommerce-loop-product__title\">\u0130zolasyon D\u00fcbelleri \/ Gaz Beton Strafor D\u00fcbeli<\/h2>\n<\/a><a href=\"https:\/\/www.cim.com.tr\/en\/product\/izolasyon-dubelleri-gaz-beton-strafor-dubeli\/\" data-quantity=\"1\" class=\"button product_type_simple\" data-product_id=\"202\" data-product_sku=\"\" aria-label=\"\u201c\u0130zolasyon D\u00fcbelleri \/ Gaz Beton Strafor D\u00fcbeli\u201d hakk\u0131nda daha fazla bilgi edinin\" aria-describedby=\"\" rel=\"nofollow\" data-no-translation=\"\" data-trp-gettext=\"\" data-no-translation-aria-label=\"\">Read more<\/a><\/li>\n<li class=\"product type-product post-204 status-publish instock product_cat-izolasyon-dubelleri has-post-thumbnail shipping-taxable product-type-simple\">\n\t<a href=\"https:\/\/www.cim.com.tr\/en\/product\/izolasyon-dubelleri-cakmali-izolasyon-dubeli\/\" class=\"woocommerce-LoopProduct-link woocommerce-loop-product__link\"><img loading=\"lazy\" decoding=\"async\" width=\"300\" height=\"300\" src=\"https:\/\/www.cim.com.tr\/wp-content\/uploads\/2024\/01\/f28-300x300.png\" class=\"attachment-woocommerce_thumbnail size-woocommerce_thumbnail\" alt=\"\" srcset=\"https:\/\/www.cim.com.tr\/wp-content\/uploads\/2024\/01\/f28-300x300.png 300w, https:\/\/www.cim.com.tr\/wp-content\/uploads\/2024\/01\/f28-150x150.png 150w, https:\/\/www.cim.com.tr\/wp-content\/uploads\/2024\/01\/f28-100x100.png 100w, https:\/\/www.cim.com.tr\/wp-content\/uploads\/2024\/01\/f28.png 500w\" sizes=\"auto, (max-width: 300px) 100vw, 300px\" \/><h2 class=\"woocommerce-loop-product__title\">\u0130zolasyon D\u00fcbelleri \/ \u00c7akmal\u0131 \u0130zolasyon D\u00fcbeli<\/h2>\n<\/a><a href=\"https:\/\/www.cim.com.tr\/en\/product\/izolasyon-dubelleri-cakmali-izolasyon-dubeli\/\" data-quantity=\"1\" class=\"button product_type_simple\" data-product_id=\"204\" data-product_sku=\"\" aria-label=\"\u201c\u0130zolasyon D\u00fcbelleri \/ \u00c7akmal\u0131 \u0130zolasyon D\u00fcbeli\u201d hakk\u0131nda daha fazla bilgi edinin\" aria-describedby=\"\" rel=\"nofollow\" data-no-translation=\"\" data-trp-gettext=\"\" data-no-translation-aria-label=\"\">Read more<\/a><\/li>\n<li class=\"product type-product post-206 status-publish last instock product_cat-izolasyon-dubelleri has-post-thumbnail shipping-taxable product-type-simple\">\n\t<a href=\"https:\/\/www.cim.com.tr\/en\/product\/izolasyon-dubelleri-super-strapor-dubeli\/\" class=\"woocommerce-LoopProduct-link woocommerce-loop-product__link\"><img loading=\"lazy\" decoding=\"async\" width=\"300\" height=\"300\" src=\"https:\/\/www.cim.com.tr\/wp-content\/uploads\/2024\/01\/f29-300x300.png\" class=\"attachment-woocommerce_thumbnail size-woocommerce_thumbnail\" alt=\"\" srcset=\"https:\/\/www.cim.com.tr\/wp-content\/uploads\/2024\/01\/f29-300x300.png 300w, https:\/\/www.cim.com.tr\/wp-content\/uploads\/2024\/01\/f29-150x150.png 150w, https:\/\/www.cim.com.tr\/wp-content\/uploads\/2024\/01\/f29-100x100.png 100w, https:\/\/www.cim.com.tr\/wp-content\/uploads\/2024\/01\/f29.png 500w\" sizes=\"auto, (max-width: 300px) 100vw, 300px\" \/><h2 class=\"woocommerce-loop-product__title\">\u0130zolasyon D\u00fcbelleri \/ S\u00fcper Strapor D\u00fcbeli<\/h2>\n<\/a><a href=\"https:\/\/www.cim.com.tr\/en\/product\/izolasyon-dubelleri-super-strapor-dubeli\/\" data-quantity=\"1\" class=\"button product_type_simple\" data-product_id=\"206\" data-product_sku=\"\" aria-label=\"\u201c\u0130zolasyon D\u00fcbelleri \/ S\u00fcper Strapor D\u00fcbeli\u201d hakk\u0131nda daha fazla bilgi edinin\" aria-describedby=\"\" rel=\"nofollow\" data-no-translation=\"\" data-trp-gettext=\"\" data-no-translation-aria-label=\"\">Read more<\/a><\/li>\n<li class=\"product type-product post-208 status-publish first instock product_cat-izolasyon-dubelleri has-post-thumbnail shipping-taxable product-type-simple\">\n\t<a href=\"https:\/\/www.cim.com.tr\/en\/product\/izolasyon-dubelleri-tas-yunu-pulu\/\" class=\"woocommerce-LoopProduct-link woocommerce-loop-product__link\"><img loading=\"lazy\" decoding=\"async\" width=\"300\" height=\"300\" src=\"https:\/\/www.cim.com.tr\/wp-content\/uploads\/2024\/01\/f30-300x300.png\" class=\"attachment-woocommerce_thumbnail size-woocommerce_thumbnail\" alt=\"\" srcset=\"https:\/\/www.cim.com.tr\/wp-content\/uploads\/2024\/01\/f30-300x300.png 300w, https:\/\/www.cim.com.tr\/wp-content\/uploads\/2024\/01\/f30-150x150.png 150w, https:\/\/www.cim.com.tr\/wp-content\/uploads\/2024\/01\/f30-100x100.png 100w, https:\/\/www.cim.com.tr\/wp-content\/uploads\/2024\/01\/f30.png 500w\" sizes=\"auto, (max-width: 300px) 100vw, 300px\" \/><h2 class=\"woocommerce-loop-product__title\">\u0130zolasyon D\u00fcbelleri \/ Ta\u015f Y\u00fcn\u00fc Pulu<\/h2>\n<\/a><a href=\"https:\/\/www.cim.com.tr\/en\/product\/izolasyon-dubelleri-tas-yunu-pulu\/\" data-quantity=\"1\" class=\"button product_type_simple\" data-product_id=\"208\" data-product_sku=\"\" aria-label=\"\u201c\u0130zolasyon D\u00fcbelleri \/ Ta\u015f Y\u00fcn\u00fc Pulu\u201d hakk\u0131nda daha fazla bilgi edinin\" aria-describedby=\"\" rel=\"nofollow\" data-no-translation=\"\" data-trp-gettext=\"\" data-no-translation-aria-label=\"\">Read more<\/a><\/li>\n<li class=\"product type-product post-210 status-publish instock product_cat-izolasyon-dubelleri has-post-thumbnail shipping-taxable product-type-simple\">\n\t<a href=\"https:\/\/www.cim.com.tr\/en\/product\/izolasyon-dubelleri-strapor-traslama-panci\/\" class=\"woocommerce-LoopProduct-link woocommerce-loop-product__link\"><img loading=\"lazy\" decoding=\"async\" width=\"300\" height=\"300\" src=\"https:\/\/www.cim.com.tr\/wp-content\/uploads\/2024\/01\/f31-300x300.png\" class=\"attachment-woocommerce_thumbnail size-woocommerce_thumbnail\" alt=\"\" srcset=\"https:\/\/www.cim.com.tr\/wp-content\/uploads\/2024\/01\/f31-300x300.png 300w, https:\/\/www.cim.com.tr\/wp-content\/uploads\/2024\/01\/f31-150x150.png 150w, https:\/\/www.cim.com.tr\/wp-content\/uploads\/2024\/01\/f31-100x100.png 100w, https:\/\/www.cim.com.tr\/wp-content\/uploads\/2024\/01\/f31.png 500w\" sizes=\"auto, (max-width: 300px) 100vw, 300px\" \/><h2 class=\"woocommerce-loop-product__title\">\u0130zolasyon D\u00fcbelleri \/ Strapor Tra\u015flama Panc\u0131<\/h2>\n<\/a><a href=\"https:\/\/www.cim.com.tr\/en\/product\/izolasyon-dubelleri-strapor-traslama-panci\/\" data-quantity=\"1\" class=\"button product_type_simple\" data-product_id=\"210\" data-product_sku=\"\" aria-label=\"\u201c\u0130zolasyon D\u00fcbelleri \/ Strapor Tra\u015flama Panc\u0131\u201d hakk\u0131nda daha fazla bilgi edinin\" aria-describedby=\"\" rel=\"nofollow\" data-no-translation=\"\" data-trp-gettext=\"\" data-no-translation-aria-label=\"\">Read more<\/a><\/li>\n<\/ul>\n<\/div>","protected":false},"excerpt":{"rendered":"","protected":false},"author":1,"featured_media":0,"parent":0,"menu_order":0,"comment_status":"closed","ping_status":"closed","template":"","meta":{"footnotes":""},"class_list":["post-198","page","type-page","status-publish","hentry"],"_links":{"self":[{"href":"https:\/\/www.cim.com.tr\/en\/wp-json\/wp\/v2\/pages\/198","targetHints":{"allow":["GET"]}}],"collection":[{"href":"https:\/\/www.cim.com.tr\/en\/wp-json\/wp\/v2\/pages"}],"about":[{"href":"https:\/\/www.cim.com.tr\/en\/wp-json\/wp\/v2\/types\/page"}],"author":[{"embeddable":true,"href":"https:\/\/www.cim.com.tr\/en\/wp-json\/wp\/v2\/users\/1"}],"replies":[{"embeddable":true,"href":"https:\/\/www.cim.com.tr\/en\/wp-json\/wp\/v2\/comments?post=198"}],"version-history":[{"count":13,"href":"https:\/\/www.cim.com.tr\/en\/wp-json\/wp\/v2\/pages\/198\/revisions"}],"predecessor-version":[{"id":351,"href":"https:\/\/www.cim.com.tr\/en\/wp-json\/wp\/v2\/pages\/198\/revisions\/351"}],"wp:attachment":[{"href":"https:\/\/www.cim.com.tr\/en\/wp-json\/wp\/v2\/media?parent=198"}],"curies":[{"name":"wp","href":"https:\/\/api.w.org\/{rel}","templated":true}]}}