{"id":19,"date":"2024-01-11T14:10:22","date_gmt":"2024-01-11T11:10:22","guid":{"rendered":"https:\/\/cim.com.tr\/?page_id=19"},"modified":"2024-01-11T14:10:22","modified_gmt":"2024-01-11T11:10:22","slug":"kalite-politikamiz","status":"publish","type":"page","link":"https:\/\/www.cim.com.tr\/kalite-politikamiz\/","title":{"rendered":"KAL\u0130TE POL\u0130T\u0130KAMIZ"},"content":{"rendered":"<p>\u00c7im Plastik olarak, m\u00fc\u015fteri memnuniyetini en \u00fcst d\u00fczeye \u00e7\u0131karmak, s\u00fcrekli iyile\u015ftirme prensiplerini benimsemek ve y\u00fcksek kalite standartlar\u0131na ba\u011fl\u0131 kalarak sekt\u00f6rde \u00f6nc\u00fc olmay\u0131 hedeflemekteyiz. Bu do\u011frultuda, kalite politikam\u0131z\u0131 a\u015fa\u011f\u0131daki temel prensiplere dayand\u0131rmaktay\u0131z:<\/p>\n\n\n\n<p><strong>M\u00fc\u015fteri Memnuniyeti:<\/strong><br>M\u00fc\u015fterilerimizin beklentilerini anlamak, \u00fcr\u00fcn ve hizmetlerimizle bu beklentileri a\u015fmak en y\u00fcksek \u00f6nceli\u011fimizdir. M\u00fc\u015fteri memnuniyetini sa\u011flamak ve s\u00fcrd\u00fcrmek ad\u0131na s\u00fcrekli geri bildirim al\u0131r, bu geri bildirimleri dikkate alarak i\u015f s\u00fcre\u00e7lerimizi geli\u015ftirir ve \u00fcr\u00fcnlerimizi yenilik\u00e7i bir yakla\u015f\u0131mla s\u00fcrekli iyile\u015ftiririz.<\/p>\n\n\n\n<p><strong>Y\u00fcksek Kalite Standartlar\u0131:<\/strong><br>\u00c7im Plastik olarak, \u00fcr\u00fcn ve hizmetlerimizi en y\u00fcksek kalite standartlar\u0131na uygun olarak \u00fcretmeye ve sunmaya odaklan\u0131r\u0131z. Kalite kontrol s\u00fcre\u00e7lerimizi s\u00fcrekli g\u00fcnceller ve kalite y\u00f6netim sistemlerini etkin bir \u015fekilde uygular\u0131z. \u00dcretimden teslimata kadar olan s\u00fcre\u00e7lerde kaliteyi sa\u011flamak i\u00e7in titizlikle \u00e7al\u0131\u015f\u0131r\u0131z.<\/p>\n\n\n\n<p><strong>S\u00fcrekli \u0130yile\u015ftirme:<\/strong><br>\u00c7im Plastik, i\u015f s\u00fcre\u00e7lerimizde s\u00fcrekli iyile\u015ftirme prensiplerine ba\u011fl\u0131 kalarak verimlili\u011fi art\u0131rmay\u0131, hatalar\u0131 minimize etmeyi ve maliyetleri d\u00fc\u015f\u00fcrmeyi ama\u00e7lar. \u0130\u015f s\u00fcre\u00e7lerimizi d\u00fczenli olarak g\u00f6zden ge\u00e7irir, iyile\u015ftirme f\u0131rsatlar\u0131n\u0131 belirler ve \u00e7al\u0131\u015fanlar\u0131m\u0131z\u0131 bu s\u00fcre\u00e7lere aktif olarak kat\u0131l\u0131m sa\u011flamaya te\u015fvik ederiz.<\/p>\n\n\n\n<p><strong>E\u011fitim ve Geli\u015fim:<\/strong><br>\u00c7im Plastik olarak, \u00e7al\u0131\u015fanlar\u0131m\u0131z\u0131n kalite standartlar\u0131na tam uyum sa\u011flamalar\u0131 i\u00e7in s\u00fcrekli e\u011fitim ve geli\u015fim f\u0131rsatlar\u0131 sa\u011flar\u0131z. \u00c7al\u0131\u015fanlar\u0131m\u0131z\u0131n kalite politikam\u0131z\u0131 anlamalar\u0131n\u0131 ve bu do\u011frultuda hareket etmelerini destekleriz.<\/p>\n\n\n\n<p><strong>Yasal ve Y\u00f6netmelik Uyumlulu\u011fu:<\/strong><br>\u00c7im Plastik, faaliyet g\u00f6sterdi\u011fi pazarlarda ge\u00e7erli olan t\u00fcm yasal ve y\u00f6netmeliklere tam uyum sa\u011flar. Kalite politikam\u0131z, ilgili mevzuata uygun olarak \u015fekillendirilir ve bu standartlara s\u00fcrekli uyum sa\u011flamak i\u00e7in \u00e7aba g\u00f6steririz.<\/p>\n\n\n\n<p>\u00c7im Plastik olarak, kalite politikam\u0131z\u0131 t\u00fcm \u00e7al\u0131\u015fanlar\u0131m\u0131za benimsetir ve bu prensipleri tedarik\u00e7ilerimiz ve payda\u015flar\u0131m\u0131zla da payla\u015f\u0131r\u0131z. Bu politika, s\u00fcrekli iyile\u015ftirme ve m\u00fc\u015fteri memnuniyeti odakl\u0131 bir yakla\u015f\u0131m\u0131 benimseyerek, g\u00fcvenilir ve kaliteli \u00fcr\u00fcnler sunma taahh\u00fcd\u00fcm\u00fcz\u00fc yans\u0131tmaktad\u0131r.<\/p>","protected":false},"excerpt":{"rendered":"<p>\u00c7im Plastik olarak, m\u00fc\u015fteri memnuniyetini en \u00fcst d\u00fczeye \u00e7\u0131karmak, s\u00fcrekli iyile\u015ftirme prensiplerini benimsemek ve y\u00fcksek kalite standartlar\u0131na ba\u011fl\u0131 kalarak sekt\u00f6rde \u00f6nc\u00fc olmay\u0131 hedeflemekteyiz. Bu do\u011frultuda, kalite politikam\u0131z\u0131 a\u015fa\u011f\u0131daki temel prensiplere dayand\u0131rmaktay\u0131z: M\u00fc\u015fteri Memnuniyeti:M\u00fc\u015fterilerimizin beklentilerini anlamak, \u00fcr\u00fcn ve hizmetlerimizle bu beklentileri a\u015fmak en y\u00fcksek \u00f6nceli\u011fimizdir. M\u00fc\u015fteri memnuniyetini sa\u011flamak ve s\u00fcrd\u00fcrmek ad\u0131na s\u00fcrekli geri bildirim al\u0131r, bu [&hellip;]<\/p>","protected":false},"author":1,"featured_media":0,"parent":0,"menu_order":0,"comment_status":"closed","ping_status":"closed","template":"","meta":{"footnotes":""},"class_list":["post-19","page","type-page","status-publish","hentry"],"_links":{"self":[{"href":"https:\/\/www.cim.com.tr\/en\/wp-json\/wp\/v2\/pages\/19","targetHints":{"allow":["GET"]}}],"collection":[{"href":"https:\/\/www.cim.com.tr\/en\/wp-json\/wp\/v2\/pages"}],"about":[{"href":"https:\/\/www.cim.com.tr\/en\/wp-json\/wp\/v2\/types\/page"}],"author":[{"embeddable":true,"href":"https:\/\/www.cim.com.tr\/en\/wp-json\/wp\/v2\/users\/1"}],"replies":[{"embeddable":true,"href":"https:\/\/www.cim.com.tr\/en\/wp-json\/wp\/v2\/comments?post=19"}],"version-history":[{"count":1,"href":"https:\/\/www.cim.com.tr\/en\/wp-json\/wp\/v2\/pages\/19\/revisions"}],"predecessor-version":[{"id":20,"href":"https:\/\/www.cim.com.tr\/en\/wp-json\/wp\/v2\/pages\/19\/revisions\/20"}],"wp:attachment":[{"href":"https:\/\/www.cim.com.tr\/en\/wp-json\/wp\/v2\/media?parent=19"}],"curies":[{"name":"wp","href":"https:\/\/api.w.org\/{rel}","templated":true}]}}