{"id":175,"date":"2024-01-22T11:10:24","date_gmt":"2024-01-22T08:10:24","guid":{"rendered":"https:\/\/cim.com.tr\/?page_id=175"},"modified":"2024-01-22T11:10:24","modified_gmt":"2024-01-22T08:10:24","slug":"plastik-dubeller","status":"publish","type":"page","link":"https:\/\/www.cim.com.tr\/plastik-dubeller\/","title":{"rendered":"PLAST\u0130K D\u00dcBELLER"},"content":{"rendered":"<div class=\"woocommerce columns-4\"><ul class=\"products columns-4\">\n<li class=\"product type-product post-177 status-publish first instock product_cat-plastik-dubeller has-post-thumbnail shipping-taxable product-type-simple\">\n\t<a href=\"https:\/\/www.cim.com.tr\/en\/product\/plastik-dubeller-a-seri-plastik-dubel-standart-plastik-dubel\/\" class=\"woocommerce-LoopProduct-link woocommerce-loop-product__link\"><img loading=\"lazy\" decoding=\"async\" width=\"300\" height=\"300\" src=\"https:\/\/www.cim.com.tr\/wp-content\/uploads\/2024\/01\/f16-300x300.png\" class=\"attachment-woocommerce_thumbnail size-woocommerce_thumbnail\" alt=\"\" srcset=\"https:\/\/www.cim.com.tr\/wp-content\/uploads\/2024\/01\/f16-300x300.png 300w, https:\/\/www.cim.com.tr\/wp-content\/uploads\/2024\/01\/f16-150x150.png 150w, https:\/\/www.cim.com.tr\/wp-content\/uploads\/2024\/01\/f16-100x100.png 100w, https:\/\/www.cim.com.tr\/wp-content\/uploads\/2024\/01\/f16.png 500w\" sizes=\"auto, (max-width: 300px) 100vw, 300px\" \/><h2 class=\"woocommerce-loop-product__title\">Plastik D\u00fcbeller \/ A Seri Plastik D\u00fcbel (Standart Plastik D\u00fcbel)<\/h2>\n<\/a><a href=\"https:\/\/www.cim.com.tr\/en\/product\/plastik-dubeller-a-seri-plastik-dubel-standart-plastik-dubel\/\" data-quantity=\"1\" class=\"button product_type_simple\" data-product_id=\"177\" data-product_sku=\"\" aria-label=\"\u201cPlastik D\u00fcbeller \/ A Seri Plastik D\u00fcbel (Standart Plastik D\u00fcbel)\u201d hakk\u0131nda daha fazla bilgi edinin\" aria-describedby=\"\" rel=\"nofollow\" data-no-translation=\"\" data-trp-gettext=\"\" data-no-translation-aria-label=\"\">Read more<\/a><\/li>\n<li class=\"product type-product post-179 status-publish instock product_cat-plastik-dubeller has-post-thumbnail shipping-taxable product-type-simple\">\n\t<a href=\"https:\/\/www.cim.com.tr\/en\/product\/plastik-dubeller-b-seri-plastik-dubel-cok-amacli-plastik-dubel\/\" class=\"woocommerce-LoopProduct-link woocommerce-loop-product__link\"><img loading=\"lazy\" decoding=\"async\" width=\"300\" height=\"300\" src=\"https:\/\/www.cim.com.tr\/wp-content\/uploads\/2024\/01\/f17-300x300.png\" class=\"attachment-woocommerce_thumbnail size-woocommerce_thumbnail\" alt=\"\" srcset=\"https:\/\/www.cim.com.tr\/wp-content\/uploads\/2024\/01\/f17-300x300.png 300w, https:\/\/www.cim.com.tr\/wp-content\/uploads\/2024\/01\/f17-150x150.png 150w, https:\/\/www.cim.com.tr\/wp-content\/uploads\/2024\/01\/f17-100x100.png 100w, https:\/\/www.cim.com.tr\/wp-content\/uploads\/2024\/01\/f17.png 500w\" sizes=\"auto, (max-width: 300px) 100vw, 300px\" \/><h2 class=\"woocommerce-loop-product__title\">Plastik D\u00fcbeller \/ B Seri Plastik D\u00fcbel (\u00c7ok Ama\u00e7l\u0131 Plastik D\u00fcbel)<\/h2>\n<\/a><a href=\"https:\/\/www.cim.com.tr\/en\/product\/plastik-dubeller-b-seri-plastik-dubel-cok-amacli-plastik-dubel\/\" data-quantity=\"1\" class=\"button product_type_simple\" data-product_id=\"179\" data-product_sku=\"\" aria-label=\"\u201cPlastik D\u00fcbeller \/ B Seri Plastik D\u00fcbel (\u00c7ok Ama\u00e7l\u0131 Plastik D\u00fcbel)\u201d hakk\u0131nda daha fazla bilgi edinin\" aria-describedby=\"\" rel=\"nofollow\" data-no-translation=\"\" data-trp-gettext=\"\" data-no-translation-aria-label=\"\">Read more<\/a><\/li>\n<li class=\"product type-product post-181 status-publish instock product_cat-plastik-dubeller has-post-thumbnail shipping-taxable product-type-simple\">\n\t<a href=\"https:\/\/www.cim.com.tr\/en\/product\/plastik-dubeller-c-seri-plastik-dubel-cok-amacli-plastik-dubel\/\" class=\"woocommerce-LoopProduct-link woocommerce-loop-product__link\"><img loading=\"lazy\" decoding=\"async\" width=\"300\" height=\"300\" src=\"https:\/\/www.cim.com.tr\/wp-content\/uploads\/2024\/01\/f18-300x300.png\" class=\"attachment-woocommerce_thumbnail size-woocommerce_thumbnail\" alt=\"\" srcset=\"https:\/\/www.cim.com.tr\/wp-content\/uploads\/2024\/01\/f18-300x300.png 300w, https:\/\/www.cim.com.tr\/wp-content\/uploads\/2024\/01\/f18-150x150.png 150w, https:\/\/www.cim.com.tr\/wp-content\/uploads\/2024\/01\/f18-100x100.png 100w, https:\/\/www.cim.com.tr\/wp-content\/uploads\/2024\/01\/f18.png 500w\" sizes=\"auto, (max-width: 300px) 100vw, 300px\" \/><h2 class=\"woocommerce-loop-product__title\">Plastik D\u00fcbeller \/ C Seri Plastik D\u00fcbel (\u00c7ok Ama\u00e7l\u0131 Plastik D\u00fcbel)<\/h2>\n<\/a><a href=\"https:\/\/www.cim.com.tr\/en\/product\/plastik-dubeller-c-seri-plastik-dubel-cok-amacli-plastik-dubel\/\" data-quantity=\"1\" class=\"button product_type_simple\" data-product_id=\"181\" data-product_sku=\"\" aria-label=\"\u201cPlastik D\u00fcbeller \/ C Seri Plastik D\u00fcbel (\u00c7ok Ama\u00e7l\u0131 Plastik D\u00fcbel)\u201d hakk\u0131nda daha fazla bilgi edinin\" aria-describedby=\"\" rel=\"nofollow\" data-no-translation=\"\" data-trp-gettext=\"\" data-no-translation-aria-label=\"\">Read more<\/a><\/li>\n<li class=\"product type-product post-183 status-publish last instock product_cat-plastik-dubeller has-post-thumbnail shipping-taxable product-type-simple\">\n\t<a href=\"https:\/\/www.cim.com.tr\/en\/product\/plastik-dubeller-d-seri-plastik-dubel-cok-amacli-plastik-dubel\/\" class=\"woocommerce-LoopProduct-link woocommerce-loop-product__link\"><img loading=\"lazy\" decoding=\"async\" width=\"300\" height=\"300\" src=\"https:\/\/www.cim.com.tr\/wp-content\/uploads\/2024\/01\/f19-300x300.png\" class=\"attachment-woocommerce_thumbnail size-woocommerce_thumbnail\" alt=\"\" srcset=\"https:\/\/www.cim.com.tr\/wp-content\/uploads\/2024\/01\/f19-300x300.png 300w, https:\/\/www.cim.com.tr\/wp-content\/uploads\/2024\/01\/f19-150x150.png 150w, https:\/\/www.cim.com.tr\/wp-content\/uploads\/2024\/01\/f19-100x100.png 100w, https:\/\/www.cim.com.tr\/wp-content\/uploads\/2024\/01\/f19.png 500w\" sizes=\"auto, (max-width: 300px) 100vw, 300px\" \/><h2 class=\"woocommerce-loop-product__title\">Plastik D\u00fcbeller \/ D Seri Plastik D\u00fcbel (\u00c7ok Ama\u00e7l\u0131 Plastik D\u00fcbel)<\/h2>\n<\/a><a href=\"https:\/\/www.cim.com.tr\/en\/product\/plastik-dubeller-d-seri-plastik-dubel-cok-amacli-plastik-dubel\/\" data-quantity=\"1\" class=\"button product_type_simple\" data-product_id=\"183\" data-product_sku=\"\" aria-label=\"\u201cPlastik D\u00fcbeller \/ D Seri Plastik D\u00fcbel (\u00c7ok Ama\u00e7l\u0131 Plastik D\u00fcbel)\u201d hakk\u0131nda daha fazla bilgi edinin\" aria-describedby=\"\" rel=\"nofollow\" data-no-translation=\"\" data-trp-gettext=\"\" data-no-translation-aria-label=\"\">Read more<\/a><\/li>\n<li class=\"product type-product post-192 status-publish first instock product_cat-plastik-dubeller has-post-thumbnail shipping-taxable product-type-simple\">\n\t<a href=\"https:\/\/www.cim.com.tr\/en\/product\/plastik-dubeller-e-seri-plastik-dubel-roket-dubel\/\" class=\"woocommerce-LoopProduct-link woocommerce-loop-product__link\"><img loading=\"lazy\" decoding=\"async\" width=\"300\" height=\"300\" src=\"https:\/\/www.cim.com.tr\/wp-content\/uploads\/2024\/01\/f25-300x300.png\" class=\"attachment-woocommerce_thumbnail size-woocommerce_thumbnail\" alt=\"\" srcset=\"https:\/\/www.cim.com.tr\/wp-content\/uploads\/2024\/01\/f25-300x300.png 300w, https:\/\/www.cim.com.tr\/wp-content\/uploads\/2024\/01\/f25-150x150.png 150w, https:\/\/www.cim.com.tr\/wp-content\/uploads\/2024\/01\/f25-100x100.png 100w, https:\/\/www.cim.com.tr\/wp-content\/uploads\/2024\/01\/f25.png 500w\" sizes=\"auto, (max-width: 300px) 100vw, 300px\" \/><h2 class=\"woocommerce-loop-product__title\">Plastik D\u00fcbeller \/ E Seri Plastik D\u00fcbel (Roket D\u00fcbel)<\/h2>\n<\/a><a href=\"https:\/\/www.cim.com.tr\/en\/product\/plastik-dubeller-e-seri-plastik-dubel-roket-dubel\/\" data-quantity=\"1\" class=\"button product_type_simple\" data-product_id=\"192\" data-product_sku=\"\" aria-label=\"\u201cPlastik D\u00fcbeller \/ E Seri Plastik D\u00fcbel (Roket D\u00fcbel)\u201d hakk\u0131nda daha fazla bilgi edinin\" aria-describedby=\"\" rel=\"nofollow\" data-no-translation=\"\" data-trp-gettext=\"\" data-no-translation-aria-label=\"\">Read more<\/a><\/li>\n<li class=\"product type-product post-194 status-publish instock product_cat-plastik-dubeller has-post-thumbnail shipping-taxable product-type-simple\">\n\t<a href=\"https:\/\/www.cim.com.tr\/en\/product\/plastik-dubeller-f-seri-plastik-dubel-asfalt-dubel\/\" class=\"woocommerce-LoopProduct-link woocommerce-loop-product__link\"><img loading=\"lazy\" decoding=\"async\" width=\"300\" height=\"300\" src=\"https:\/\/www.cim.com.tr\/wp-content\/uploads\/2024\/01\/f24-300x300.png\" class=\"attachment-woocommerce_thumbnail size-woocommerce_thumbnail\" alt=\"\" srcset=\"https:\/\/www.cim.com.tr\/wp-content\/uploads\/2024\/01\/f24-300x300.png 300w, https:\/\/www.cim.com.tr\/wp-content\/uploads\/2024\/01\/f24-150x150.png 150w, https:\/\/www.cim.com.tr\/wp-content\/uploads\/2024\/01\/f24-100x100.png 100w, https:\/\/www.cim.com.tr\/wp-content\/uploads\/2024\/01\/f24.png 500w\" sizes=\"auto, (max-width: 300px) 100vw, 300px\" \/><h2 class=\"woocommerce-loop-product__title\">Plastik D\u00fcbeller \/ F Seri Plastik D\u00fcbel (Asfalt D\u00fcbel)<\/h2>\n<\/a><a href=\"https:\/\/www.cim.com.tr\/en\/product\/plastik-dubeller-f-seri-plastik-dubel-asfalt-dubel\/\" data-quantity=\"1\" class=\"button product_type_simple\" data-product_id=\"194\" data-product_sku=\"\" aria-label=\"\u201cPlastik D\u00fcbeller \/ F Seri Plastik D\u00fcbel (Asfalt D\u00fcbel)\u201d hakk\u0131nda daha fazla bilgi edinin\" aria-describedby=\"\" rel=\"nofollow\" data-no-translation=\"\" data-trp-gettext=\"\" data-no-translation-aria-label=\"\">Read more<\/a><\/li>\n<li class=\"product type-product post-190 status-publish instock product_cat-plastik-dubeller has-post-thumbnail shipping-taxable product-type-simple\">\n\t<a href=\"https:\/\/www.cim.com.tr\/en\/product\/plastik-dubeller-gazbeton-dubeli\/\" class=\"woocommerce-LoopProduct-link woocommerce-loop-product__link\"><img loading=\"lazy\" decoding=\"async\" width=\"300\" height=\"300\" src=\"https:\/\/www.cim.com.tr\/wp-content\/uploads\/2024\/01\/f22-300x300.png\" class=\"attachment-woocommerce_thumbnail size-woocommerce_thumbnail\" alt=\"\" srcset=\"https:\/\/www.cim.com.tr\/wp-content\/uploads\/2024\/01\/f22-300x300.png 300w, https:\/\/www.cim.com.tr\/wp-content\/uploads\/2024\/01\/f22-150x150.png 150w, https:\/\/www.cim.com.tr\/wp-content\/uploads\/2024\/01\/f22-100x100.png 100w, https:\/\/www.cim.com.tr\/wp-content\/uploads\/2024\/01\/f22.png 500w\" sizes=\"auto, (max-width: 300px) 100vw, 300px\" \/><h2 class=\"woocommerce-loop-product__title\">Plastik D\u00fcbeller \/ Gazbeton D\u00fcbeli<\/h2>\n<\/a><a href=\"https:\/\/www.cim.com.tr\/en\/product\/plastik-dubeller-gazbeton-dubeli\/\" data-quantity=\"1\" class=\"button product_type_simple\" data-product_id=\"190\" data-product_sku=\"\" aria-label=\"\u201cPlastik D\u00fcbeller \/ Gazbeton D\u00fcbeli\u201d hakk\u0131nda daha fazla bilgi edinin\" aria-describedby=\"\" rel=\"nofollow\" data-no-translation=\"\" data-trp-gettext=\"\" data-no-translation-aria-label=\"\">Read more<\/a><\/li>\n<li class=\"product type-product post-188 status-publish last instock product_cat-plastik-dubeller has-post-thumbnail shipping-taxable product-type-simple\">\n\t<a href=\"https:\/\/www.cim.com.tr\/en\/product\/plastik-dubeller-vidali-alcipan-dubeli\/\" class=\"woocommerce-LoopProduct-link woocommerce-loop-product__link\"><img loading=\"lazy\" decoding=\"async\" width=\"300\" height=\"300\" src=\"https:\/\/www.cim.com.tr\/wp-content\/uploads\/2024\/01\/f21-300x300.png\" class=\"attachment-woocommerce_thumbnail size-woocommerce_thumbnail\" alt=\"\" srcset=\"https:\/\/www.cim.com.tr\/wp-content\/uploads\/2024\/01\/f21-300x300.png 300w, https:\/\/www.cim.com.tr\/wp-content\/uploads\/2024\/01\/f21-150x150.png 150w, https:\/\/www.cim.com.tr\/wp-content\/uploads\/2024\/01\/f21-100x100.png 100w, https:\/\/www.cim.com.tr\/wp-content\/uploads\/2024\/01\/f21.png 500w\" sizes=\"auto, (max-width: 300px) 100vw, 300px\" \/><h2 class=\"woocommerce-loop-product__title\">Plastik D\u00fcbeller \/ Vidal\u0131 Al\u00e7\u0131pan D\u00fcbeli<\/h2>\n<\/a><a href=\"https:\/\/www.cim.com.tr\/en\/product\/plastik-dubeller-vidali-alcipan-dubeli\/\" data-quantity=\"1\" class=\"button product_type_simple\" data-product_id=\"188\" data-product_sku=\"\" aria-label=\"\u201cPlastik D\u00fcbeller \/ Vidal\u0131 Al\u00e7\u0131pan D\u00fcbeli\u201d hakk\u0131nda daha fazla bilgi edinin\" aria-describedby=\"\" rel=\"nofollow\" data-no-translation=\"\" data-trp-gettext=\"\" data-no-translation-aria-label=\"\">Read more<\/a><\/li>\n<li class=\"product type-product post-185 status-publish first instock product_cat-plastik-dubeller has-post-thumbnail shipping-taxable product-type-simple\">\n\t<a href=\"https:\/\/www.cim.com.tr\/en\/product\/plastik-dubeller-kanatli-alcipan-dubeli\/\" class=\"woocommerce-LoopProduct-link woocommerce-loop-product__link\"><img loading=\"lazy\" decoding=\"async\" width=\"300\" height=\"300\" src=\"https:\/\/www.cim.com.tr\/wp-content\/uploads\/2024\/01\/f20-300x300.png\" class=\"attachment-woocommerce_thumbnail size-woocommerce_thumbnail\" alt=\"\" srcset=\"https:\/\/www.cim.com.tr\/wp-content\/uploads\/2024\/01\/f20-300x300.png 300w, https:\/\/www.cim.com.tr\/wp-content\/uploads\/2024\/01\/f20-150x150.png 150w, https:\/\/www.cim.com.tr\/wp-content\/uploads\/2024\/01\/f20-100x100.png 100w, https:\/\/www.cim.com.tr\/wp-content\/uploads\/2024\/01\/f20.png 500w\" sizes=\"auto, (max-width: 300px) 100vw, 300px\" \/><h2 class=\"woocommerce-loop-product__title\">Plastik D\u00fcbeller \/ Kanatl\u0131 Al\u00e7\u0131pan D\u00fcbeli<\/h2>\n<\/a><a href=\"https:\/\/www.cim.com.tr\/en\/product\/plastik-dubeller-kanatli-alcipan-dubeli\/\" data-quantity=\"1\" class=\"button product_type_simple\" data-product_id=\"185\" data-product_sku=\"\" aria-label=\"\u201cPlastik D\u00fcbeller \/ Kanatl\u0131 Al\u00e7\u0131pan D\u00fcbeli\u201d hakk\u0131nda daha fazla bilgi edinin\" aria-describedby=\"\" rel=\"nofollow\" data-no-translation=\"\" data-trp-gettext=\"\" data-no-translation-aria-label=\"\">Read more<\/a><\/li>\n<\/ul>\n<\/div>","protected":false},"excerpt":{"rendered":"","protected":false},"author":1,"featured_media":0,"parent":0,"menu_order":0,"comment_status":"closed","ping_status":"closed","template":"","meta":{"footnotes":""},"class_list":["post-175","page","type-page","status-publish","hentry"],"_links":{"self":[{"href":"https:\/\/www.cim.com.tr\/en\/wp-json\/wp\/v2\/pages\/175","targetHints":{"allow":["GET"]}}],"collection":[{"href":"https:\/\/www.cim.com.tr\/en\/wp-json\/wp\/v2\/pages"}],"about":[{"href":"https:\/\/www.cim.com.tr\/en\/wp-json\/wp\/v2\/types\/page"}],"author":[{"embeddable":true,"href":"https:\/\/www.cim.com.tr\/en\/wp-json\/wp\/v2\/users\/1"}],"replies":[{"embeddable":true,"href":"https:\/\/www.cim.com.tr\/en\/wp-json\/wp\/v2\/comments?post=175"}],"version-history":[{"count":1,"href":"https:\/\/www.cim.com.tr\/en\/wp-json\/wp\/v2\/pages\/175\/revisions"}],"predecessor-version":[{"id":176,"href":"https:\/\/www.cim.com.tr\/en\/wp-json\/wp\/v2\/pages\/175\/revisions\/176"}],"wp:attachment":[{"href":"https:\/\/www.cim.com.tr\/en\/wp-json\/wp\/v2\/media?parent=175"}],"curies":[{"name":"wp","href":"https:\/\/api.w.org\/{rel}","templated":true}]}}