{"id":153,"date":"2024-01-22T09:43:09","date_gmt":"2024-01-22T06:43:09","guid":{"rendered":"https:\/\/cim.com.tr\/?page_id=153"},"modified":"2024-01-22T09:43:09","modified_gmt":"2024-01-22T06:43:09","slug":"pvc-citalar","status":"publish","type":"page","link":"https:\/\/www.cim.com.tr\/pvc-citalar\/","title":{"rendered":"PVC \u00c7ITALAR"},"content":{"rendered":"<div class=\"woocommerce columns-4\"><ul class=\"products columns-4\">\n<li class=\"product type-product post-152 status-publish first instock product_cat-pvc-citalar has-post-thumbnail shipping-taxable product-type-simple\">\n\t<a href=\"https:\/\/www.cim.com.tr\/en\/product\/pvc-citalar-pah-citalari-kulakli-ve-kulaksiz-orjinal-pvc\/\" class=\"woocommerce-LoopProduct-link woocommerce-loop-product__link\"><img loading=\"lazy\" decoding=\"async\" width=\"300\" height=\"300\" src=\"https:\/\/www.cim.com.tr\/wp-content\/uploads\/2024\/01\/f6-300x300.png\" class=\"attachment-woocommerce_thumbnail size-woocommerce_thumbnail\" alt=\"\" srcset=\"https:\/\/www.cim.com.tr\/wp-content\/uploads\/2024\/01\/f6-300x300.png 300w, https:\/\/www.cim.com.tr\/wp-content\/uploads\/2024\/01\/f6-150x150.png 150w, https:\/\/www.cim.com.tr\/wp-content\/uploads\/2024\/01\/f6-100x100.png 100w, https:\/\/www.cim.com.tr\/wp-content\/uploads\/2024\/01\/f6.png 500w\" sizes=\"auto, (max-width: 300px) 100vw, 300px\" \/><h2 class=\"woocommerce-loop-product__title\">PVC \u00c7\u0131talar \/ Pah \u00c7\u0131talar\u0131 \/ Kulakl\u0131 Ve Kulaks\u0131z (Orjinal PVC)<\/h2>\n<\/a><a href=\"https:\/\/www.cim.com.tr\/en\/product\/pvc-citalar-pah-citalari-kulakli-ve-kulaksiz-orjinal-pvc\/\" data-quantity=\"1\" class=\"button product_type_simple\" data-product_id=\"152\" data-product_sku=\"\" aria-label=\"\u201cPVC \u00c7\u0131talar \/ Pah \u00c7\u0131talar\u0131 \/ Kulakl\u0131 Ve Kulaks\u0131z (Orjinal PVC)\u201d hakk\u0131nda daha fazla bilgi edinin\" aria-describedby=\"\" rel=\"nofollow\" data-no-translation=\"\" data-trp-gettext=\"\" data-no-translation-aria-label=\"\">Read more<\/a><\/li>\n<li class=\"product type-product post-156 status-publish instock product_cat-pvc-citalar has-post-thumbnail shipping-taxable product-type-simple\">\n\t<a href=\"https:\/\/www.cim.com.tr\/en\/product\/pvc-citalar-pah-citalari-kulakli-ve-kulaksiz-renkli-pvc\/\" class=\"woocommerce-LoopProduct-link woocommerce-loop-product__link\"><img loading=\"lazy\" decoding=\"async\" width=\"300\" height=\"300\" src=\"https:\/\/www.cim.com.tr\/wp-content\/uploads\/2024\/01\/f7-300x300.png\" class=\"attachment-woocommerce_thumbnail size-woocommerce_thumbnail\" alt=\"\" srcset=\"https:\/\/www.cim.com.tr\/wp-content\/uploads\/2024\/01\/f7-300x300.png 300w, https:\/\/www.cim.com.tr\/wp-content\/uploads\/2024\/01\/f7-150x150.png 150w, https:\/\/www.cim.com.tr\/wp-content\/uploads\/2024\/01\/f7-100x100.png 100w, https:\/\/www.cim.com.tr\/wp-content\/uploads\/2024\/01\/f7.png 500w\" sizes=\"auto, (max-width: 300px) 100vw, 300px\" \/><h2 class=\"woocommerce-loop-product__title\">PVC \u00c7\u0131talar \/ Pah \u00c7\u0131talar\u0131 \/ Kulakl\u0131 Ve Kulaks\u0131z (Renkli PVC)<\/h2>\n<\/a><a href=\"https:\/\/www.cim.com.tr\/en\/product\/pvc-citalar-pah-citalari-kulakli-ve-kulaksiz-renkli-pvc\/\" data-quantity=\"1\" class=\"button product_type_simple\" data-product_id=\"156\" data-product_sku=\"\" aria-label=\"\u201cPVC \u00c7\u0131talar \/ Pah \u00c7\u0131talar\u0131 \/ Kulakl\u0131 Ve Kulaks\u0131z (Renkli PVC)\u201d hakk\u0131nda daha fazla bilgi edinin\" aria-describedby=\"\" rel=\"nofollow\" data-no-translation=\"\" data-trp-gettext=\"\" data-no-translation-aria-label=\"\">Read more<\/a><\/li>\n<li class=\"product type-product post-158 status-publish instock product_cat-pvc-citalar has-post-thumbnail shipping-taxable product-type-simple\">\n\t<a href=\"https:\/\/www.cim.com.tr\/en\/product\/pvc-citalar-fuga-citasi-beyaz-pvc\/\" class=\"woocommerce-LoopProduct-link woocommerce-loop-product__link\"><img loading=\"lazy\" decoding=\"async\" width=\"300\" height=\"300\" src=\"https:\/\/www.cim.com.tr\/wp-content\/uploads\/2024\/01\/f8-300x300.png\" class=\"attachment-woocommerce_thumbnail size-woocommerce_thumbnail\" alt=\"\" srcset=\"https:\/\/www.cim.com.tr\/wp-content\/uploads\/2024\/01\/f8-300x300.png 300w, https:\/\/www.cim.com.tr\/wp-content\/uploads\/2024\/01\/f8-150x150.png 150w, https:\/\/www.cim.com.tr\/wp-content\/uploads\/2024\/01\/f8-100x100.png 100w, https:\/\/www.cim.com.tr\/wp-content\/uploads\/2024\/01\/f8.png 500w\" sizes=\"auto, (max-width: 300px) 100vw, 300px\" \/><h2 class=\"woocommerce-loop-product__title\">PVC \u00c7\u0131talar \/ Fuga \u00c7\u0131tas\u0131 (Beyaz PVC)<\/h2>\n<\/a><a href=\"https:\/\/www.cim.com.tr\/en\/product\/pvc-citalar-fuga-citasi-beyaz-pvc\/\" data-quantity=\"1\" class=\"button product_type_simple\" data-product_id=\"158\" data-product_sku=\"\" aria-label=\"\u201cPVC \u00c7\u0131talar \/ Fuga \u00c7\u0131tas\u0131 (Beyaz PVC)\u201d hakk\u0131nda daha fazla bilgi edinin\" aria-describedby=\"\" rel=\"nofollow\" data-no-translation=\"\" data-trp-gettext=\"\" data-no-translation-aria-label=\"\">Read more<\/a><\/li>\n<li class=\"product type-product post-160 status-publish last instock product_cat-pvc-citalar has-post-thumbnail shipping-taxable product-type-simple\">\n\t<a href=\"https:\/\/www.cim.com.tr\/en\/product\/pvc-citalar-fuga-citasi-renkli-pvc\/\" class=\"woocommerce-LoopProduct-link woocommerce-loop-product__link\"><img loading=\"lazy\" decoding=\"async\" width=\"300\" height=\"300\" src=\"https:\/\/www.cim.com.tr\/wp-content\/uploads\/2024\/01\/f9-300x300.png\" class=\"attachment-woocommerce_thumbnail size-woocommerce_thumbnail\" alt=\"\" srcset=\"https:\/\/www.cim.com.tr\/wp-content\/uploads\/2024\/01\/f9-300x300.png 300w, https:\/\/www.cim.com.tr\/wp-content\/uploads\/2024\/01\/f9-150x150.png 150w, https:\/\/www.cim.com.tr\/wp-content\/uploads\/2024\/01\/f9-100x100.png 100w, https:\/\/www.cim.com.tr\/wp-content\/uploads\/2024\/01\/f9.png 500w\" sizes=\"auto, (max-width: 300px) 100vw, 300px\" \/><h2 class=\"woocommerce-loop-product__title\">PVC \u00c7\u0131talar \/ Fuga \u00c7\u0131tas\u0131 (Renkli PVC)<\/h2>\n<\/a><a href=\"https:\/\/www.cim.com.tr\/en\/product\/pvc-citalar-fuga-citasi-renkli-pvc\/\" data-quantity=\"1\" class=\"button product_type_simple\" data-product_id=\"160\" data-product_sku=\"\" aria-label=\"\u201cPVC \u00c7\u0131talar \/ Fuga \u00c7\u0131tas\u0131 (Renkli PVC)\u201d hakk\u0131nda daha fazla bilgi edinin\" aria-describedby=\"\" rel=\"nofollow\" data-no-translation=\"\" data-trp-gettext=\"\" data-no-translation-aria-label=\"\">Read more<\/a><\/li>\n<li class=\"product type-product post-166 status-publish first instock product_cat-pvc-citalar has-post-thumbnail shipping-taxable product-type-simple\">\n\t<a href=\"https:\/\/www.cim.com.tr\/en\/product\/pvc-citalar-delikli-kose-profili-pvc\/\" class=\"woocommerce-LoopProduct-link woocommerce-loop-product__link\"><img loading=\"lazy\" decoding=\"async\" width=\"300\" height=\"300\" src=\"https:\/\/www.cim.com.tr\/wp-content\/uploads\/2024\/01\/f12-300x300.png\" class=\"attachment-woocommerce_thumbnail size-woocommerce_thumbnail\" alt=\"\" srcset=\"https:\/\/www.cim.com.tr\/wp-content\/uploads\/2024\/01\/f12-300x300.png 300w, https:\/\/www.cim.com.tr\/wp-content\/uploads\/2024\/01\/f12-150x150.png 150w, https:\/\/www.cim.com.tr\/wp-content\/uploads\/2024\/01\/f12-100x100.png 100w, https:\/\/www.cim.com.tr\/wp-content\/uploads\/2024\/01\/f12.png 500w\" sizes=\"auto, (max-width: 300px) 100vw, 300px\" \/><h2 class=\"woocommerce-loop-product__title\">PVC \u00c7\u0131talar \/ Delikli K\u00f6\u015fe Profili PVC<\/h2>\n<\/a><a href=\"https:\/\/www.cim.com.tr\/en\/product\/pvc-citalar-delikli-kose-profili-pvc\/\" data-quantity=\"1\" class=\"button product_type_simple\" data-product_id=\"166\" data-product_sku=\"\" aria-label=\"\u201cPVC \u00c7\u0131talar \/ Delikli K\u00f6\u015fe Profili PVC\u201d hakk\u0131nda daha fazla bilgi edinin\" aria-describedby=\"\" rel=\"nofollow\" data-no-translation=\"\" data-trp-gettext=\"\" data-no-translation-aria-label=\"\">Read more<\/a><\/li>\n<li class=\"product type-product post-168 status-publish instock product_cat-pvc-citalar has-post-thumbnail shipping-taxable product-type-simple\">\n\t<a href=\"https:\/\/www.cim.com.tr\/en\/product\/pvc-citalar-kemer-kose-profili-pvc\/\" class=\"woocommerce-LoopProduct-link woocommerce-loop-product__link\"><img loading=\"lazy\" decoding=\"async\" width=\"300\" height=\"300\" src=\"https:\/\/www.cim.com.tr\/wp-content\/uploads\/2024\/01\/f13-300x300.png\" class=\"attachment-woocommerce_thumbnail size-woocommerce_thumbnail\" alt=\"\" srcset=\"https:\/\/www.cim.com.tr\/wp-content\/uploads\/2024\/01\/f13-300x300.png 300w, https:\/\/www.cim.com.tr\/wp-content\/uploads\/2024\/01\/f13-150x150.png 150w, https:\/\/www.cim.com.tr\/wp-content\/uploads\/2024\/01\/f13-100x100.png 100w, https:\/\/www.cim.com.tr\/wp-content\/uploads\/2024\/01\/f13.png 500w\" sizes=\"auto, (max-width: 300px) 100vw, 300px\" \/><h2 class=\"woocommerce-loop-product__title\">PVC \u00c7\u0131talar \/ Kemer K\u00f6\u015fe Profili PVC<\/h2>\n<\/a><a href=\"https:\/\/www.cim.com.tr\/en\/product\/pvc-citalar-kemer-kose-profili-pvc\/\" data-quantity=\"1\" class=\"button product_type_simple\" data-product_id=\"168\" data-product_sku=\"\" aria-label=\"\u201cPVC \u00c7\u0131talar \/ Kemer K\u00f6\u015fe Profili PVC\u201d hakk\u0131nda daha fazla bilgi edinin\" aria-describedby=\"\" rel=\"nofollow\" data-no-translation=\"\" data-trp-gettext=\"\" data-no-translation-aria-label=\"\">Read more<\/a><\/li>\n<li class=\"product type-product post-170 status-publish instock product_cat-pvc-citalar has-post-thumbnail shipping-taxable product-type-simple\">\n\t<a href=\"https:\/\/www.cim.com.tr\/en\/product\/pvc-citalar-fileli-alci-kose-profili\/\" class=\"woocommerce-LoopProduct-link woocommerce-loop-product__link\"><img loading=\"lazy\" decoding=\"async\" width=\"300\" height=\"300\" src=\"https:\/\/www.cim.com.tr\/wp-content\/uploads\/2024\/01\/f14-300x300.png\" class=\"attachment-woocommerce_thumbnail size-woocommerce_thumbnail\" alt=\"\" srcset=\"https:\/\/www.cim.com.tr\/wp-content\/uploads\/2024\/01\/f14-300x300.png 300w, https:\/\/www.cim.com.tr\/wp-content\/uploads\/2024\/01\/f14-150x150.png 150w, https:\/\/www.cim.com.tr\/wp-content\/uploads\/2024\/01\/f14-100x100.png 100w, https:\/\/www.cim.com.tr\/wp-content\/uploads\/2024\/01\/f14.png 500w\" sizes=\"auto, (max-width: 300px) 100vw, 300px\" \/><h2 class=\"woocommerce-loop-product__title\">PVC \u00c7\u0131talar \/ Fileli Al\u00e7\u0131 K\u00f6\u015fe Profili<\/h2>\n<\/a><a href=\"https:\/\/www.cim.com.tr\/en\/product\/pvc-citalar-fileli-alci-kose-profili\/\" data-quantity=\"1\" class=\"button product_type_simple\" data-product_id=\"170\" data-product_sku=\"\" aria-label=\"\u201cPVC \u00c7\u0131talar \/ Fileli Al\u00e7\u0131 K\u00f6\u015fe Profili\u201d hakk\u0131nda daha fazla bilgi edinin\" aria-describedby=\"\" rel=\"nofollow\" data-no-translation=\"\" data-trp-gettext=\"\" data-no-translation-aria-label=\"\">Read more<\/a><\/li>\n<li class=\"product type-product post-172 status-publish last instock product_cat-pvc-citalar has-post-thumbnail shipping-taxable product-type-simple\">\n\t<a href=\"https:\/\/www.cim.com.tr\/en\/product\/pvc-citalar-pvc-fuga-profili-fileli\/\" class=\"woocommerce-LoopProduct-link woocommerce-loop-product__link\"><img loading=\"lazy\" decoding=\"async\" width=\"300\" height=\"300\" src=\"https:\/\/www.cim.com.tr\/wp-content\/uploads\/2024\/01\/f15-300x300.png\" class=\"attachment-woocommerce_thumbnail size-woocommerce_thumbnail\" alt=\"\" srcset=\"https:\/\/www.cim.com.tr\/wp-content\/uploads\/2024\/01\/f15-300x300.png 300w, https:\/\/www.cim.com.tr\/wp-content\/uploads\/2024\/01\/f15-150x150.png 150w, https:\/\/www.cim.com.tr\/wp-content\/uploads\/2024\/01\/f15-100x100.png 100w, https:\/\/www.cim.com.tr\/wp-content\/uploads\/2024\/01\/f15.png 500w\" sizes=\"auto, (max-width: 300px) 100vw, 300px\" \/><h2 class=\"woocommerce-loop-product__title\">PVC \u00c7\u0131talar \/ PVC Fuga Profili Fileli<\/h2>\n<\/a><a href=\"https:\/\/www.cim.com.tr\/en\/product\/pvc-citalar-pvc-fuga-profili-fileli\/\" data-quantity=\"1\" class=\"button product_type_simple\" data-product_id=\"172\" data-product_sku=\"\" aria-label=\"\u201cPVC \u00c7\u0131talar \/ PVC Fuga Profili Fileli\u201d hakk\u0131nda daha fazla bilgi edinin\" aria-describedby=\"\" rel=\"nofollow\" data-no-translation=\"\" data-trp-gettext=\"\" data-no-translation-aria-label=\"\">Read more<\/a><\/li>\n<li class=\"product type-product post-162 status-publish first instock product_cat-pvc-citalar has-post-thumbnail shipping-taxable product-type-simple\">\n\t<a href=\"https:\/\/www.cim.com.tr\/en\/product\/pvc-citalar-t-profil-orjinal-pvc\/\" class=\"woocommerce-LoopProduct-link woocommerce-loop-product__link\"><img loading=\"lazy\" decoding=\"async\" width=\"300\" height=\"300\" src=\"https:\/\/www.cim.com.tr\/wp-content\/uploads\/2024\/01\/f10-300x300.png\" class=\"attachment-woocommerce_thumbnail size-woocommerce_thumbnail\" alt=\"\" srcset=\"https:\/\/www.cim.com.tr\/wp-content\/uploads\/2024\/01\/f10-300x300.png 300w, https:\/\/www.cim.com.tr\/wp-content\/uploads\/2024\/01\/f10-150x150.png 150w, https:\/\/www.cim.com.tr\/wp-content\/uploads\/2024\/01\/f10-100x100.png 100w, https:\/\/www.cim.com.tr\/wp-content\/uploads\/2024\/01\/f10.png 500w\" sizes=\"auto, (max-width: 300px) 100vw, 300px\" \/><h2 class=\"woocommerce-loop-product__title\">PVC \u00c7\u0131talar \/ T Profil (Orjinal PVC)<\/h2>\n<\/a><a href=\"https:\/\/www.cim.com.tr\/en\/product\/pvc-citalar-t-profil-orjinal-pvc\/\" data-quantity=\"1\" class=\"button product_type_simple\" data-product_id=\"162\" data-product_sku=\"\" aria-label=\"\u201cPVC \u00c7\u0131talar \/ T Profil (Orjinal PVC)\u201d hakk\u0131nda daha fazla bilgi edinin\" aria-describedby=\"\" rel=\"nofollow\" data-no-translation=\"\" data-trp-gettext=\"\" data-no-translation-aria-label=\"\">Read more<\/a><\/li>\n<li class=\"product type-product post-164 status-publish instock product_cat-pvc-citalar has-post-thumbnail shipping-taxable product-type-simple\">\n\t<a href=\"https:\/\/www.cim.com.tr\/en\/product\/pvc-citalar-ano-citasi\/\" class=\"woocommerce-LoopProduct-link woocommerce-loop-product__link\"><img loading=\"lazy\" decoding=\"async\" width=\"300\" height=\"300\" src=\"https:\/\/www.cim.com.tr\/wp-content\/uploads\/2024\/01\/f11-300x300.png\" class=\"attachment-woocommerce_thumbnail size-woocommerce_thumbnail\" alt=\"\" srcset=\"https:\/\/www.cim.com.tr\/wp-content\/uploads\/2024\/01\/f11-300x300.png 300w, https:\/\/www.cim.com.tr\/wp-content\/uploads\/2024\/01\/f11-150x150.png 150w, https:\/\/www.cim.com.tr\/wp-content\/uploads\/2024\/01\/f11-100x100.png 100w, https:\/\/www.cim.com.tr\/wp-content\/uploads\/2024\/01\/f11.png 500w\" sizes=\"auto, (max-width: 300px) 100vw, 300px\" \/><h2 class=\"woocommerce-loop-product__title\">PVC \u00c7\u0131talar \/ Ano \u00c7\u0131tas\u0131<\/h2>\n<\/a><a href=\"https:\/\/www.cim.com.tr\/en\/product\/pvc-citalar-ano-citasi\/\" data-quantity=\"1\" class=\"button product_type_simple\" data-product_id=\"164\" data-product_sku=\"\" aria-label=\"\u201cPVC \u00c7\u0131talar \/ Ano \u00c7\u0131tas\u0131\u201d hakk\u0131nda daha fazla bilgi edinin\" aria-describedby=\"\" rel=\"nofollow\" data-no-translation=\"\" data-trp-gettext=\"\" data-no-translation-aria-label=\"\">Read more<\/a><\/li>\n<\/ul>\n<\/div>","protected":false},"excerpt":{"rendered":"","protected":false},"author":1,"featured_media":0,"parent":0,"menu_order":0,"comment_status":"closed","ping_status":"closed","template":"","meta":{"footnotes":""},"class_list":["post-153","page","type-page","status-publish","hentry"],"_links":{"self":[{"href":"https:\/\/www.cim.com.tr\/en\/wp-json\/wp\/v2\/pages\/153","targetHints":{"allow":["GET"]}}],"collection":[{"href":"https:\/\/www.cim.com.tr\/en\/wp-json\/wp\/v2\/pages"}],"about":[{"href":"https:\/\/www.cim.com.tr\/en\/wp-json\/wp\/v2\/types\/page"}],"author":[{"embeddable":true,"href":"https:\/\/www.cim.com.tr\/en\/wp-json\/wp\/v2\/users\/1"}],"replies":[{"embeddable":true,"href":"https:\/\/www.cim.com.tr\/en\/wp-json\/wp\/v2\/comments?post=153"}],"version-history":[{"count":1,"href":"https:\/\/www.cim.com.tr\/en\/wp-json\/wp\/v2\/pages\/153\/revisions"}],"predecessor-version":[{"id":154,"href":"https:\/\/www.cim.com.tr\/en\/wp-json\/wp\/v2\/pages\/153\/revisions\/154"}],"wp:attachment":[{"href":"https:\/\/www.cim.com.tr\/en\/wp-json\/wp\/v2\/media?parent=153"}],"curies":[{"name":"wp","href":"https:\/\/api.w.org\/{rel}","templated":true}]}}