{"id":130,"date":"2024-01-18T10:57:03","date_gmt":"2024-01-18T07:57:03","guid":{"rendered":"https:\/\/cim.com.tr\/?page_id=130"},"modified":"2024-01-18T10:57:03","modified_gmt":"2024-01-18T07:57:03","slug":"tij-rot-boru-ve-basliklar","status":"publish","type":"page","link":"https:\/\/www.cim.com.tr\/tij-rot-boru-ve-basliklar\/","title":{"rendered":"T\u0130J-ROT BORU VE BA\u015eLIKLAR"},"content":{"rendered":"<div class=\"woocommerce columns-4\"><ul class=\"products columns-4\">\n<li class=\"product type-product post-134 status-publish first instock product_cat-tij-rot-boru-ve-basliklar has-post-thumbnail shipping-taxable product-type-simple\">\n\t<a href=\"https:\/\/www.cim.com.tr\/en\/product\/tie-rot-boru-ve-basliklar-tie-rot-borusu-polietilen\/\" class=\"woocommerce-LoopProduct-link woocommerce-loop-product__link\"><img loading=\"lazy\" decoding=\"async\" width=\"300\" height=\"300\" src=\"https:\/\/www.cim.com.tr\/wp-content\/uploads\/2024\/01\/g16-300x300.png\" class=\"attachment-woocommerce_thumbnail size-woocommerce_thumbnail\" alt=\"\" srcset=\"https:\/\/www.cim.com.tr\/wp-content\/uploads\/2024\/01\/g16-300x300.png 300w, https:\/\/www.cim.com.tr\/wp-content\/uploads\/2024\/01\/g16-150x150.png 150w, https:\/\/www.cim.com.tr\/wp-content\/uploads\/2024\/01\/g16-100x100.png 100w, https:\/\/www.cim.com.tr\/wp-content\/uploads\/2024\/01\/g16.png 500w\" sizes=\"auto, (max-width: 300px) 100vw, 300px\" \/><h2 class=\"woocommerce-loop-product__title\">Tij-Rot Boru ve Ba\u015fl\u0131klar \/Tij-Rot Borusu (Polietilen)<\/h2>\n<\/a><a href=\"https:\/\/www.cim.com.tr\/en\/product\/tie-rot-boru-ve-basliklar-tie-rot-borusu-polietilen\/\" data-quantity=\"1\" class=\"button product_type_simple\" data-product_id=\"134\" data-product_sku=\"\" aria-label=\"\u201cTij-Rot Boru ve Ba\u015fl\u0131klar \/Tij-Rot Borusu (Polietilen)\u201d hakk\u0131nda daha fazla bilgi edinin\" aria-describedby=\"\" rel=\"nofollow\" data-no-translation=\"\" data-trp-gettext=\"\" data-no-translation-aria-label=\"\">Read more<\/a><\/li>\n<li class=\"product type-product post-136 status-publish instock product_cat-tij-rot-boru-ve-basliklar has-post-thumbnail shipping-taxable product-type-simple\">\n\t<a href=\"https:\/\/www.cim.com.tr\/en\/product\/tie-rot-boru-ve-basliklar-boru-basliklari\/\" class=\"woocommerce-LoopProduct-link woocommerce-loop-product__link\"><img loading=\"lazy\" decoding=\"async\" width=\"300\" height=\"300\" src=\"https:\/\/www.cim.com.tr\/wp-content\/uploads\/2024\/01\/g17-300x300.png\" class=\"attachment-woocommerce_thumbnail size-woocommerce_thumbnail\" alt=\"\" srcset=\"https:\/\/www.cim.com.tr\/wp-content\/uploads\/2024\/01\/g17-300x300.png 300w, https:\/\/www.cim.com.tr\/wp-content\/uploads\/2024\/01\/g17-150x150.png 150w, https:\/\/www.cim.com.tr\/wp-content\/uploads\/2024\/01\/g17-100x100.png 100w, https:\/\/www.cim.com.tr\/wp-content\/uploads\/2024\/01\/g17.png 500w\" sizes=\"auto, (max-width: 300px) 100vw, 300px\" \/><h2 class=\"woocommerce-loop-product__title\">Tij-Rot Boru ve Ba\u015fl\u0131klar \/ Boru Ba\u015fl\u0131klar\u0131<\/h2>\n<\/a><a href=\"https:\/\/www.cim.com.tr\/en\/product\/tie-rot-boru-ve-basliklar-boru-basliklari\/\" data-quantity=\"1\" class=\"button product_type_simple\" data-product_id=\"136\" data-product_sku=\"\" aria-label=\"\u201cTij-Rot Boru ve Ba\u015fl\u0131klar \/ Boru Ba\u015fl\u0131klar\u0131\u201d hakk\u0131nda daha fazla bilgi edinin\" aria-describedby=\"\" rel=\"nofollow\" data-no-translation=\"\" data-trp-gettext=\"\" data-no-translation-aria-label=\"\">Read more<\/a><\/li>\n<li class=\"product type-product post-144 status-publish instock product_cat-tij-rot-boru-ve-basliklar has-post-thumbnail shipping-taxable product-type-simple\">\n\t<a href=\"https:\/\/www.cim.com.tr\/en\/product\/tij-rot-boru-ve-basliklar-konik-tapa\/\" class=\"woocommerce-LoopProduct-link woocommerce-loop-product__link\"><img loading=\"lazy\" decoding=\"async\" width=\"300\" height=\"300\" src=\"https:\/\/www.cim.com.tr\/wp-content\/uploads\/2024\/01\/f2-300x300.png\" class=\"attachment-woocommerce_thumbnail size-woocommerce_thumbnail\" alt=\"\" srcset=\"https:\/\/www.cim.com.tr\/wp-content\/uploads\/2024\/01\/f2-300x300.png 300w, https:\/\/www.cim.com.tr\/wp-content\/uploads\/2024\/01\/f2-150x150.png 150w, https:\/\/www.cim.com.tr\/wp-content\/uploads\/2024\/01\/f2-100x100.png 100w, https:\/\/www.cim.com.tr\/wp-content\/uploads\/2024\/01\/f2.png 500w\" sizes=\"auto, (max-width: 300px) 100vw, 300px\" \/><h2 class=\"woocommerce-loop-product__title\">Tij-Rot Boru ve Ba\u015fl\u0131klar \/ Konik Tapa<\/h2>\n<\/a><a href=\"https:\/\/www.cim.com.tr\/en\/product\/tij-rot-boru-ve-basliklar-konik-tapa\/\" data-quantity=\"1\" class=\"button product_type_simple\" data-product_id=\"144\" data-product_sku=\"\" aria-label=\"\u201cTij-Rot Boru ve Ba\u015fl\u0131klar \/ Konik Tapa\u201d hakk\u0131nda daha fazla bilgi edinin\" aria-describedby=\"\" rel=\"nofollow\" data-no-translation=\"\" data-trp-gettext=\"\" data-no-translation-aria-label=\"\">Read more<\/a><\/li>\n<li class=\"product type-product post-146 status-publish last instock product_cat-tij-rot-boru-ve-basliklar has-post-thumbnail shipping-taxable product-type-simple\">\n\t<a href=\"https:\/\/www.cim.com.tr\/en\/product\/tij-rot-boru-ve-basliklar-baslikli-boru-tapasi\/\" class=\"woocommerce-LoopProduct-link woocommerce-loop-product__link\"><img loading=\"lazy\" decoding=\"async\" width=\"300\" height=\"300\" src=\"https:\/\/www.cim.com.tr\/wp-content\/uploads\/2024\/01\/f3-300x300.png\" class=\"attachment-woocommerce_thumbnail size-woocommerce_thumbnail\" alt=\"\" srcset=\"https:\/\/www.cim.com.tr\/wp-content\/uploads\/2024\/01\/f3-300x300.png 300w, https:\/\/www.cim.com.tr\/wp-content\/uploads\/2024\/01\/f3-150x150.png 150w, https:\/\/www.cim.com.tr\/wp-content\/uploads\/2024\/01\/f3-100x100.png 100w, https:\/\/www.cim.com.tr\/wp-content\/uploads\/2024\/01\/f3.png 500w\" sizes=\"auto, (max-width: 300px) 100vw, 300px\" \/><h2 class=\"woocommerce-loop-product__title\">Tij-Rot Boru ve Ba\u015fl\u0131klar \/ Ba\u015fl\u0131kl\u0131 Boru Tapas\u0131<\/h2>\n<\/a><a href=\"https:\/\/www.cim.com.tr\/en\/product\/tij-rot-boru-ve-basliklar-baslikli-boru-tapasi\/\" data-quantity=\"1\" class=\"button product_type_simple\" data-product_id=\"146\" data-product_sku=\"\" aria-label=\"\u201cTij-Rot Boru ve Ba\u015fl\u0131klar \/ Ba\u015fl\u0131kl\u0131 Boru Tapas\u0131\u201d hakk\u0131nda daha fazla bilgi edinin\" aria-describedby=\"\" rel=\"nofollow\" data-no-translation=\"\" data-trp-gettext=\"\" data-no-translation-aria-label=\"\">Read more<\/a><\/li>\n<li class=\"product type-product post-142 status-publish first instock product_cat-tij-rot-boru-ve-basliklar has-post-thumbnail shipping-taxable product-type-simple\">\n\t<a href=\"https:\/\/www.cim.com.tr\/en\/product\/tij-rot-boru-ve-basliklar-tij-rot-konigi\/\" class=\"woocommerce-LoopProduct-link woocommerce-loop-product__link\"><img loading=\"lazy\" decoding=\"async\" width=\"300\" height=\"300\" src=\"https:\/\/www.cim.com.tr\/wp-content\/uploads\/2024\/01\/f1-300x300.png\" class=\"attachment-woocommerce_thumbnail size-woocommerce_thumbnail\" alt=\"\" srcset=\"https:\/\/www.cim.com.tr\/wp-content\/uploads\/2024\/01\/f1-300x300.png 300w, https:\/\/www.cim.com.tr\/wp-content\/uploads\/2024\/01\/f1-150x150.png 150w, https:\/\/www.cim.com.tr\/wp-content\/uploads\/2024\/01\/f1-100x100.png 100w, https:\/\/www.cim.com.tr\/wp-content\/uploads\/2024\/01\/f1.png 500w\" sizes=\"auto, (max-width: 300px) 100vw, 300px\" \/><h2 class=\"woocommerce-loop-product__title\">Tij-Rot Boru ve Ba\u015fl\u0131klar \/ Tij &#8211; Rot Koni\u011fi<\/h2>\n<\/a><a href=\"https:\/\/www.cim.com.tr\/en\/product\/tij-rot-boru-ve-basliklar-tij-rot-konigi\/\" data-quantity=\"1\" class=\"button product_type_simple\" data-product_id=\"142\" data-product_sku=\"\" aria-label=\"\u201cTij-Rot Boru ve Ba\u015fl\u0131klar \/ Tij - Rot Koni\u011fi\u201d hakk\u0131nda daha fazla bilgi edinin\" aria-describedby=\"\" rel=\"nofollow\" data-no-translation=\"\" data-trp-gettext=\"\" data-no-translation-aria-label=\"\">Read more<\/a><\/li>\n<li class=\"product type-product post-150 status-publish instock product_cat-tij-rot-boru-ve-basliklar has-post-thumbnail shipping-taxable product-type-simple\">\n\t<a href=\"https:\/\/www.cim.com.tr\/en\/product\/tij-rot-boru-ve-basliklar-tapali-tip-boru-basligi\/\" class=\"woocommerce-LoopProduct-link woocommerce-loop-product__link\"><img loading=\"lazy\" decoding=\"async\" width=\"300\" height=\"300\" src=\"https:\/\/www.cim.com.tr\/wp-content\/uploads\/2024\/01\/f5-300x300.png\" class=\"attachment-woocommerce_thumbnail size-woocommerce_thumbnail\" alt=\"\" srcset=\"https:\/\/www.cim.com.tr\/wp-content\/uploads\/2024\/01\/f5-300x300.png 300w, https:\/\/www.cim.com.tr\/wp-content\/uploads\/2024\/01\/f5-150x150.png 150w, https:\/\/www.cim.com.tr\/wp-content\/uploads\/2024\/01\/f5-100x100.png 100w, https:\/\/www.cim.com.tr\/wp-content\/uploads\/2024\/01\/f5.png 500w\" sizes=\"auto, (max-width: 300px) 100vw, 300px\" \/><h2 class=\"woocommerce-loop-product__title\">Tij-Rot Boru ve Ba\u015fl\u0131klar \/ Tapal\u0131 Tip Boru Ba\u015fl\u0131\u011f\u0131<\/h2>\n<\/a><a href=\"https:\/\/www.cim.com.tr\/en\/product\/tij-rot-boru-ve-basliklar-tapali-tip-boru-basligi\/\" data-quantity=\"1\" class=\"button product_type_simple\" data-product_id=\"150\" data-product_sku=\"\" aria-label=\"\u201cTij-Rot Boru ve Ba\u015fl\u0131klar \/ Tapal\u0131 Tip Boru Ba\u015fl\u0131\u011f\u0131\u201d hakk\u0131nda daha fazla bilgi edinin\" aria-describedby=\"\" rel=\"nofollow\" data-no-translation=\"\" data-trp-gettext=\"\" data-no-translation-aria-label=\"\">Read more<\/a><\/li>\n<li class=\"product type-product post-148 status-publish instock product_cat-tij-rot-boru-ve-basliklar has-post-thumbnail shipping-taxable product-type-simple\">\n\t<a href=\"https:\/\/www.cim.com.tr\/en\/product\/tij-rot-boru-ve-basliklar-reduksiyon-su-tutucu-baslik\/\" class=\"woocommerce-LoopProduct-link woocommerce-loop-product__link\"><img loading=\"lazy\" decoding=\"async\" width=\"300\" height=\"300\" src=\"https:\/\/www.cim.com.tr\/wp-content\/uploads\/2024\/01\/f4-300x300.png\" class=\"attachment-woocommerce_thumbnail size-woocommerce_thumbnail\" alt=\"\" srcset=\"https:\/\/www.cim.com.tr\/wp-content\/uploads\/2024\/01\/f4-300x300.png 300w, https:\/\/www.cim.com.tr\/wp-content\/uploads\/2024\/01\/f4-150x150.png 150w, https:\/\/www.cim.com.tr\/wp-content\/uploads\/2024\/01\/f4-100x100.png 100w, https:\/\/www.cim.com.tr\/wp-content\/uploads\/2024\/01\/f4.png 500w\" sizes=\"auto, (max-width: 300px) 100vw, 300px\" \/><h2 class=\"woocommerce-loop-product__title\">Tij-Rot Boru ve Ba\u015fl\u0131klar \/ Red\u00fcksiyon Su Tutucu Ba\u015fl\u0131k<\/h2>\n<\/a><a href=\"https:\/\/www.cim.com.tr\/en\/product\/tij-rot-boru-ve-basliklar-reduksiyon-su-tutucu-baslik\/\" data-quantity=\"1\" class=\"button product_type_simple\" data-product_id=\"148\" data-product_sku=\"\" aria-label=\"\u201cTij-Rot Boru ve Ba\u015fl\u0131klar \/ Red\u00fcksiyon Su Tutucu Ba\u015fl\u0131k\u201d hakk\u0131nda daha fazla bilgi edinin\" aria-describedby=\"\" rel=\"nofollow\" data-no-translation=\"\" data-trp-gettext=\"\" data-no-translation-aria-label=\"\">Read more<\/a><\/li>\n<li class=\"product type-product post-129 status-publish last instock product_cat-tij-rot-boru-ve-basliklar has-post-thumbnail shipping-taxable product-type-simple\">\n\t<a href=\"https:\/\/www.cim.com.tr\/en\/product\/fore-kazik-paspaylari-mekanik-tirnakli-tipa\/\" class=\"woocommerce-LoopProduct-link woocommerce-loop-product__link\"><img loading=\"lazy\" decoding=\"async\" width=\"300\" height=\"300\" src=\"https:\/\/www.cim.com.tr\/wp-content\/uploads\/2024\/01\/g15-300x300.png\" class=\"attachment-woocommerce_thumbnail size-woocommerce_thumbnail\" alt=\"\" srcset=\"https:\/\/www.cim.com.tr\/wp-content\/uploads\/2024\/01\/g15-300x300.png 300w, https:\/\/www.cim.com.tr\/wp-content\/uploads\/2024\/01\/g15-150x150.png 150w, https:\/\/www.cim.com.tr\/wp-content\/uploads\/2024\/01\/g15-100x100.png 100w, https:\/\/www.cim.com.tr\/wp-content\/uploads\/2024\/01\/g15.png 500w\" sizes=\"auto, (max-width: 300px) 100vw, 300px\" \/><h2 class=\"woocommerce-loop-product__title\">Tij-Rot Boru ve Ba\u015fl\u0131klar \/ Mekanik T\u0131rnakl\u0131 T\u0131pa<\/h2>\n<\/a><a href=\"https:\/\/www.cim.com.tr\/en\/product\/fore-kazik-paspaylari-mekanik-tirnakli-tipa\/\" data-quantity=\"1\" class=\"button product_type_simple\" data-product_id=\"129\" data-product_sku=\"\" aria-label=\"\u201cTij-Rot Boru ve Ba\u015fl\u0131klar \/ Mekanik T\u0131rnakl\u0131 T\u0131pa\u201d hakk\u0131nda daha fazla bilgi edinin\" aria-describedby=\"\" rel=\"nofollow\" data-no-translation=\"\" data-trp-gettext=\"\" data-no-translation-aria-label=\"\">Read more<\/a><\/li>\n<li class=\"product type-product post-138 status-publish first instock product_cat-tij-rot-boru-ve-basliklar has-post-thumbnail shipping-taxable product-type-simple\">\n\t<a href=\"https:\/\/www.cim.com.tr\/en\/product\/tie-rot-boru-ve-basliklar-tie-rot-guvenlik-tapasi-mantar-tip\/\" class=\"woocommerce-LoopProduct-link woocommerce-loop-product__link\"><img loading=\"lazy\" decoding=\"async\" width=\"300\" height=\"300\" src=\"https:\/\/www.cim.com.tr\/wp-content\/uploads\/2024\/01\/g18-300x300.png\" class=\"attachment-woocommerce_thumbnail size-woocommerce_thumbnail\" alt=\"\" srcset=\"https:\/\/www.cim.com.tr\/wp-content\/uploads\/2024\/01\/g18-300x300.png 300w, https:\/\/www.cim.com.tr\/wp-content\/uploads\/2024\/01\/g18-150x150.png 150w, https:\/\/www.cim.com.tr\/wp-content\/uploads\/2024\/01\/g18-100x100.png 100w, https:\/\/www.cim.com.tr\/wp-content\/uploads\/2024\/01\/g18.png 500w\" sizes=\"auto, (max-width: 300px) 100vw, 300px\" \/><h2 class=\"woocommerce-loop-product__title\">Tij-Rot Boru ve Ba\u015fl\u0131klar \/ Tij-Rot G\u00fcvenlik Tapas\u0131 ( Mantar Tip)<\/h2>\n<\/a><a href=\"https:\/\/www.cim.com.tr\/en\/product\/tie-rot-boru-ve-basliklar-tie-rot-guvenlik-tapasi-mantar-tip\/\" data-quantity=\"1\" class=\"button product_type_simple\" data-product_id=\"138\" data-product_sku=\"\" aria-label=\"\u201cTij-Rot Boru ve Ba\u015fl\u0131klar \/ Tij-Rot G\u00fcvenlik Tapas\u0131 ( Mantar Tip)\u201d hakk\u0131nda daha fazla bilgi edinin\" aria-describedby=\"\" rel=\"nofollow\" data-no-translation=\"\" data-trp-gettext=\"\" data-no-translation-aria-label=\"\">Read more<\/a><\/li>\n<li class=\"product type-product post-140 status-publish instock product_cat-tij-rot-boru-ve-basliklar has-post-thumbnail shipping-taxable product-type-simple\">\n\t<a href=\"https:\/\/www.cim.com.tr\/en\/product\/tie-rot-guvenlik-tapasi-kumsaati-tip\/\" class=\"woocommerce-LoopProduct-link woocommerce-loop-product__link\"><img loading=\"lazy\" decoding=\"async\" width=\"300\" height=\"300\" src=\"https:\/\/www.cim.com.tr\/wp-content\/uploads\/2024\/01\/g19-300x300.png\" class=\"attachment-woocommerce_thumbnail size-woocommerce_thumbnail\" alt=\"\" srcset=\"https:\/\/www.cim.com.tr\/wp-content\/uploads\/2024\/01\/g19-300x300.png 300w, https:\/\/www.cim.com.tr\/wp-content\/uploads\/2024\/01\/g19-150x150.png 150w, https:\/\/www.cim.com.tr\/wp-content\/uploads\/2024\/01\/g19-100x100.png 100w, https:\/\/www.cim.com.tr\/wp-content\/uploads\/2024\/01\/g19.png 500w\" sizes=\"auto, (max-width: 300px) 100vw, 300px\" \/><h2 class=\"woocommerce-loop-product__title\">Tij-Rot Boru ve Ba\u015fl\u0131klar \/ Tij &#8211; Rot G\u00fcvenlik Tapas\u0131 (Kumsaati Tip)<\/h2>\n<\/a><a href=\"https:\/\/www.cim.com.tr\/en\/product\/tie-rot-guvenlik-tapasi-kumsaati-tip\/\" data-quantity=\"1\" class=\"button product_type_simple\" data-product_id=\"140\" data-product_sku=\"\" aria-label=\"\u201cTij-Rot Boru ve Ba\u015fl\u0131klar \/ Tij - Rot G\u00fcvenlik Tapas\u0131 (Kumsaati Tip)\u201d hakk\u0131nda daha fazla bilgi edinin\" aria-describedby=\"\" rel=\"nofollow\" data-no-translation=\"\" data-trp-gettext=\"\" data-no-translation-aria-label=\"\">Read more<\/a><\/li>\n<li class=\"product type-product post-244 status-publish instock product_cat-tij-rot-boru-ve-basliklar has-post-thumbnail shipping-taxable product-type-simple\">\n\t<a href=\"https:\/\/www.cim.com.tr\/en\/product\/tij-rot-boru-ve-basliklar-yayli-kalip-kilidi-ciroz\/\" class=\"woocommerce-LoopProduct-link woocommerce-loop-product__link\"><img loading=\"lazy\" decoding=\"async\" width=\"300\" height=\"300\" src=\"https:\/\/www.cim.com.tr\/wp-content\/uploads\/2024\/01\/f43-300x300.png\" class=\"attachment-woocommerce_thumbnail size-woocommerce_thumbnail\" alt=\"\" srcset=\"https:\/\/www.cim.com.tr\/wp-content\/uploads\/2024\/01\/f43-300x300.png 300w, https:\/\/www.cim.com.tr\/wp-content\/uploads\/2024\/01\/f43-150x150.png 150w, https:\/\/www.cim.com.tr\/wp-content\/uploads\/2024\/01\/f43-100x100.png 100w, https:\/\/www.cim.com.tr\/wp-content\/uploads\/2024\/01\/f43.png 500w\" sizes=\"auto, (max-width: 300px) 100vw, 300px\" \/><h2 class=\"woocommerce-loop-product__title\">Tij-Rot Boru ve Ba\u015fl\u0131klar \/ Yayl\u0131 Kal\u0131p Kilidi (\u00c7iroz)<\/h2>\n<\/a><a href=\"https:\/\/www.cim.com.tr\/en\/product\/tij-rot-boru-ve-basliklar-yayli-kalip-kilidi-ciroz\/\" data-quantity=\"1\" class=\"button product_type_simple\" data-product_id=\"244\" data-product_sku=\"\" aria-label=\"\u201cTij-Rot Boru ve Ba\u015fl\u0131klar \/ Yayl\u0131 Kal\u0131p Kilidi (\u00c7iroz)\u201d hakk\u0131nda daha fazla bilgi edinin\" aria-describedby=\"\" rel=\"nofollow\" data-no-translation=\"\" data-trp-gettext=\"\" data-no-translation-aria-label=\"\">Read more<\/a><\/li>\n<li class=\"product type-product post-247 status-publish last instock product_cat-tij-rot-boru-ve-basliklar has-post-thumbnail shipping-taxable product-type-simple\">\n\t<a href=\"https:\/\/www.cim.com.tr\/en\/product\/tij-rot-boru-ve-basliklar-kollu-ciroz-anahtari\/\" class=\"woocommerce-LoopProduct-link woocommerce-loop-product__link\"><img loading=\"lazy\" decoding=\"async\" width=\"300\" height=\"300\" src=\"https:\/\/www.cim.com.tr\/wp-content\/uploads\/2024\/01\/f44-300x300.png\" class=\"attachment-woocommerce_thumbnail size-woocommerce_thumbnail\" alt=\"\" srcset=\"https:\/\/www.cim.com.tr\/wp-content\/uploads\/2024\/01\/f44-300x300.png 300w, https:\/\/www.cim.com.tr\/wp-content\/uploads\/2024\/01\/f44-150x150.png 150w, https:\/\/www.cim.com.tr\/wp-content\/uploads\/2024\/01\/f44-100x100.png 100w, https:\/\/www.cim.com.tr\/wp-content\/uploads\/2024\/01\/f44.png 500w\" sizes=\"auto, (max-width: 300px) 100vw, 300px\" \/><h2 class=\"woocommerce-loop-product__title\">Tij-Rot Boru ve Ba\u015fl\u0131klar \/ Kollu \u00c7iroz Anahtar\u0131<\/h2>\n<\/a><a href=\"https:\/\/www.cim.com.tr\/en\/product\/tij-rot-boru-ve-basliklar-kollu-ciroz-anahtari\/\" data-quantity=\"1\" class=\"button product_type_simple\" data-product_id=\"247\" data-product_sku=\"\" aria-label=\"\u201cTij-Rot Boru ve Ba\u015fl\u0131klar \/ Kollu \u00c7iroz Anahtar\u0131\u201d hakk\u0131nda daha fazla bilgi edinin\" aria-describedby=\"\" rel=\"nofollow\" data-no-translation=\"\" data-trp-gettext=\"\" data-no-translation-aria-label=\"\">Read more<\/a><\/li>\n<li class=\"product type-product post-236 status-publish first instock product_cat-tij-rot-boru-ve-basliklar has-post-thumbnail shipping-taxable product-type-simple\">\n\t<a href=\"https:\/\/www.cim.com.tr\/en\/product\/tij-rot-boru-ve-basliklar-tij-rot-mili-kalip-baglanti-cubugu\/\" class=\"woocommerce-LoopProduct-link woocommerce-loop-product__link\"><img loading=\"lazy\" decoding=\"async\" width=\"300\" height=\"300\" src=\"https:\/\/www.cim.com.tr\/wp-content\/uploads\/2024\/01\/f39-300x300.png\" class=\"attachment-woocommerce_thumbnail size-woocommerce_thumbnail\" alt=\"\" srcset=\"https:\/\/www.cim.com.tr\/wp-content\/uploads\/2024\/01\/f39-300x300.png 300w, https:\/\/www.cim.com.tr\/wp-content\/uploads\/2024\/01\/f39-150x150.png 150w, https:\/\/www.cim.com.tr\/wp-content\/uploads\/2024\/01\/f39-100x100.png 100w, https:\/\/www.cim.com.tr\/wp-content\/uploads\/2024\/01\/f39.png 500w\" sizes=\"auto, (max-width: 300px) 100vw, 300px\" \/><h2 class=\"woocommerce-loop-product__title\">Tij-Rot Boru ve Ba\u015fl\u0131klar \/ Tij-Rot Mili (Kal\u0131p Ba\u011flant\u0131 \u00c7ubu\u011fu)<\/h2>\n<\/a><a href=\"https:\/\/www.cim.com.tr\/en\/product\/tij-rot-boru-ve-basliklar-tij-rot-mili-kalip-baglanti-cubugu\/\" data-quantity=\"1\" class=\"button product_type_simple\" data-product_id=\"236\" data-product_sku=\"\" aria-label=\"\u201cTij-Rot Boru ve Ba\u015fl\u0131klar \/ Tij-Rot Mili (Kal\u0131p Ba\u011flant\u0131 \u00c7ubu\u011fu)\u201d hakk\u0131nda daha fazla bilgi edinin\" aria-describedby=\"\" rel=\"nofollow\" data-no-translation=\"\" data-trp-gettext=\"\" data-no-translation-aria-label=\"\">Read more<\/a><\/li>\n<li class=\"product type-product post-238 status-publish instock product_cat-tij-rot-boru-ve-basliklar has-post-thumbnail shipping-taxable product-type-simple\">\n\t<a href=\"https:\/\/www.cim.com.tr\/en\/product\/tij-rot-boru-ve-basliklar-tij-rot-somunu\/\" class=\"woocommerce-LoopProduct-link woocommerce-loop-product__link\"><img loading=\"lazy\" decoding=\"async\" width=\"300\" height=\"300\" src=\"https:\/\/www.cim.com.tr\/wp-content\/uploads\/2024\/01\/f40-300x300.png\" class=\"attachment-woocommerce_thumbnail size-woocommerce_thumbnail\" alt=\"\" srcset=\"https:\/\/www.cim.com.tr\/wp-content\/uploads\/2024\/01\/f40-300x300.png 300w, https:\/\/www.cim.com.tr\/wp-content\/uploads\/2024\/01\/f40-150x150.png 150w, https:\/\/www.cim.com.tr\/wp-content\/uploads\/2024\/01\/f40-100x100.png 100w, https:\/\/www.cim.com.tr\/wp-content\/uploads\/2024\/01\/f40.png 500w\" sizes=\"auto, (max-width: 300px) 100vw, 300px\" \/><h2 class=\"woocommerce-loop-product__title\">Tij-Rot Boru ve Ba\u015fl\u0131klar \/ Tij-Rot Somunu<\/h2>\n<\/a><a href=\"https:\/\/www.cim.com.tr\/en\/product\/tij-rot-boru-ve-basliklar-tij-rot-somunu\/\" data-quantity=\"1\" class=\"button product_type_simple\" data-product_id=\"238\" data-product_sku=\"\" aria-label=\"\u201cTij-Rot Boru ve Ba\u015fl\u0131klar \/ Tij-Rot Somunu\u201d hakk\u0131nda daha fazla bilgi edinin\" aria-describedby=\"\" rel=\"nofollow\" data-no-translation=\"\" data-trp-gettext=\"\" data-no-translation-aria-label=\"\">Read more<\/a><\/li>\n<li class=\"product type-product post-240 status-publish instock product_cat-tij-rot-boru-ve-basliklar has-post-thumbnail shipping-taxable product-type-simple\">\n\t<a href=\"https:\/\/www.cim.com.tr\/en\/product\/tij-rot-boru-ve-basliklar-tij-rot-aynasi\/\" class=\"woocommerce-LoopProduct-link woocommerce-loop-product__link\"><img loading=\"lazy\" decoding=\"async\" width=\"300\" height=\"300\" src=\"https:\/\/www.cim.com.tr\/wp-content\/uploads\/2024\/01\/f41-300x300.png\" class=\"attachment-woocommerce_thumbnail size-woocommerce_thumbnail\" alt=\"\" srcset=\"https:\/\/www.cim.com.tr\/wp-content\/uploads\/2024\/01\/f41-300x300.png 300w, https:\/\/www.cim.com.tr\/wp-content\/uploads\/2024\/01\/f41-150x150.png 150w, https:\/\/www.cim.com.tr\/wp-content\/uploads\/2024\/01\/f41-100x100.png 100w, https:\/\/www.cim.com.tr\/wp-content\/uploads\/2024\/01\/f41.png 500w\" sizes=\"auto, (max-width: 300px) 100vw, 300px\" \/><h2 class=\"woocommerce-loop-product__title\">Tij-Rot Boru ve Ba\u015fl\u0131klar \/ Tij-Rot Aynas\u0131<\/h2>\n<\/a><a href=\"https:\/\/www.cim.com.tr\/en\/product\/tij-rot-boru-ve-basliklar-tij-rot-aynasi\/\" data-quantity=\"1\" class=\"button product_type_simple\" data-product_id=\"240\" data-product_sku=\"\" aria-label=\"\u201cTij-Rot Boru ve Ba\u015fl\u0131klar \/ Tij-Rot Aynas\u0131\u201d hakk\u0131nda daha fazla bilgi edinin\" aria-describedby=\"\" rel=\"nofollow\" data-no-translation=\"\" data-trp-gettext=\"\" data-no-translation-aria-label=\"\">Read more<\/a><\/li>\n<li class=\"product type-product post-242 status-publish last instock product_cat-tij-rot-boru-ve-basliklar has-post-thumbnail shipping-taxable product-type-simple\">\n\t<a href=\"https:\/\/www.cim.com.tr\/en\/product\/tij-rot-boru-ve-basliklar-su-tutucu-flansli-bogumlu\/\" class=\"woocommerce-LoopProduct-link woocommerce-loop-product__link\"><img loading=\"lazy\" decoding=\"async\" width=\"300\" height=\"300\" src=\"https:\/\/www.cim.com.tr\/wp-content\/uploads\/2024\/01\/f42-300x300.png\" class=\"attachment-woocommerce_thumbnail size-woocommerce_thumbnail\" alt=\"\" srcset=\"https:\/\/www.cim.com.tr\/wp-content\/uploads\/2024\/01\/f42-300x300.png 300w, https:\/\/www.cim.com.tr\/wp-content\/uploads\/2024\/01\/f42-150x150.png 150w, https:\/\/www.cim.com.tr\/wp-content\/uploads\/2024\/01\/f42-100x100.png 100w, https:\/\/www.cim.com.tr\/wp-content\/uploads\/2024\/01\/f42.png 500w\" sizes=\"auto, (max-width: 300px) 100vw, 300px\" \/><h2 class=\"woocommerce-loop-product__title\">Tij-Rot Boru ve Ba\u015fl\u0131klar \/ Su Tutucu (Flan\u015fl\u0131, Bo\u011fumlu)<\/h2>\n<\/a><a href=\"https:\/\/www.cim.com.tr\/en\/product\/tij-rot-boru-ve-basliklar-su-tutucu-flansli-bogumlu\/\" data-quantity=\"1\" class=\"button product_type_simple\" data-product_id=\"242\" data-product_sku=\"\" aria-label=\"\u201cTij-Rot Boru ve Ba\u015fl\u0131klar \/ Su Tutucu (Flan\u015fl\u0131, Bo\u011fumlu)\u201d hakk\u0131nda daha fazla bilgi edinin\" aria-describedby=\"\" rel=\"nofollow\" data-no-translation=\"\" data-trp-gettext=\"\" data-no-translation-aria-label=\"\">Read more<\/a><\/li>\n<\/ul>\n<\/div>","protected":false},"excerpt":{"rendered":"","protected":false},"author":1,"featured_media":0,"parent":0,"menu_order":0,"comment_status":"closed","ping_status":"closed","template":"","meta":{"footnotes":""},"class_list":["post-130","page","type-page","status-publish","hentry"],"_links":{"self":[{"href":"https:\/\/www.cim.com.tr\/en\/wp-json\/wp\/v2\/pages\/130","targetHints":{"allow":["GET"]}}],"collection":[{"href":"https:\/\/www.cim.com.tr\/en\/wp-json\/wp\/v2\/pages"}],"about":[{"href":"https:\/\/www.cim.com.tr\/en\/wp-json\/wp\/v2\/types\/page"}],"author":[{"embeddable":true,"href":"https:\/\/www.cim.com.tr\/en\/wp-json\/wp\/v2\/users\/1"}],"replies":[{"embeddable":true,"href":"https:\/\/www.cim.com.tr\/en\/wp-json\/wp\/v2\/comments?post=130"}],"version-history":[{"count":1,"href":"https:\/\/www.cim.com.tr\/en\/wp-json\/wp\/v2\/pages\/130\/revisions"}],"predecessor-version":[{"id":131,"href":"https:\/\/www.cim.com.tr\/en\/wp-json\/wp\/v2\/pages\/130\/revisions\/131"}],"wp:attachment":[{"href":"https:\/\/www.cim.com.tr\/en\/wp-json\/wp\/v2\/media?parent=130"}],"curies":[{"name":"wp","href":"https:\/\/api.w.org\/{rel}","templated":true}]}}