{"id":123,"date":"2024-01-18T09:43:50","date_gmt":"2024-01-18T06:43:50","guid":{"rendered":"https:\/\/cim.com.tr\/?page_id=123"},"modified":"2024-01-18T09:43:50","modified_gmt":"2024-01-18T06:43:50","slug":"fore-kazik-paspaylari","status":"publish","type":"page","link":"https:\/\/www.cim.com.tr\/fore-kazik-paspaylari\/","title":{"rendered":"FORE KAZIK PASPAYLARI"},"content":{"rendered":"<div class=\"woocommerce columns-4\"><ul class=\"products columns-4\">\n<li class=\"product type-product post-125 status-publish first instock product_cat-fore-kazik-paspaylari has-post-thumbnail shipping-taxable product-type-simple\">\n\t<a href=\"https:\/\/www.cim.com.tr\/en\/product\/fore-kazik-paspaylari-fore-kazik-tip-paspayi-elemanlari\/\" class=\"woocommerce-LoopProduct-link woocommerce-loop-product__link\"><img loading=\"lazy\" decoding=\"async\" width=\"300\" height=\"300\" src=\"https:\/\/www.cim.com.tr\/wp-content\/uploads\/2024\/01\/g13-300x300.png\" class=\"attachment-woocommerce_thumbnail size-woocommerce_thumbnail\" alt=\"\" srcset=\"https:\/\/www.cim.com.tr\/wp-content\/uploads\/2024\/01\/g13-300x300.png 300w, https:\/\/www.cim.com.tr\/wp-content\/uploads\/2024\/01\/g13-150x150.png 150w, https:\/\/www.cim.com.tr\/wp-content\/uploads\/2024\/01\/g13-100x100.png 100w, https:\/\/www.cim.com.tr\/wp-content\/uploads\/2024\/01\/g13.png 500w\" sizes=\"auto, (max-width: 300px) 100vw, 300px\" \/><h2 class=\"woocommerce-loop-product__title\">Fore Kaz\u0131k Paspaylar\u0131 \/ Fore Kaz\u0131k Tip Paspay\u0131 Elemanlar\u0131<\/h2>\n<\/a><a href=\"https:\/\/www.cim.com.tr\/en\/product\/fore-kazik-paspaylari-fore-kazik-tip-paspayi-elemanlari\/\" data-quantity=\"1\" class=\"button product_type_simple\" data-product_id=\"125\" data-product_sku=\"\" aria-label=\"\u201cFore Kaz\u0131k Paspaylar\u0131 \/ Fore Kaz\u0131k Tip Paspay\u0131 Elemanlar\u0131\u201d hakk\u0131nda daha fazla bilgi edinin\" aria-describedby=\"\" rel=\"nofollow\" data-no-translation=\"\" data-trp-gettext=\"\" data-no-translation-aria-label=\"\">Read more<\/a><\/li>\n<li class=\"product type-product post-127 status-publish instock product_cat-fore-kazik-paspaylari has-post-thumbnail shipping-taxable product-type-simple\">\n\t<a href=\"https:\/\/www.cim.com.tr\/en\/product\/fore-kazik-paspaylari-ankraj-halat-ayirici-birlestirici-elemanlar\/\" class=\"woocommerce-LoopProduct-link woocommerce-loop-product__link\"><img loading=\"lazy\" decoding=\"async\" width=\"300\" height=\"300\" src=\"https:\/\/www.cim.com.tr\/wp-content\/uploads\/2024\/01\/g14-300x300.png\" class=\"attachment-woocommerce_thumbnail size-woocommerce_thumbnail\" alt=\"\" srcset=\"https:\/\/www.cim.com.tr\/wp-content\/uploads\/2024\/01\/g14-300x300.png 300w, https:\/\/www.cim.com.tr\/wp-content\/uploads\/2024\/01\/g14-150x150.png 150w, https:\/\/www.cim.com.tr\/wp-content\/uploads\/2024\/01\/g14-100x100.png 100w, https:\/\/www.cim.com.tr\/wp-content\/uploads\/2024\/01\/g14.png 500w\" sizes=\"auto, (max-width: 300px) 100vw, 300px\" \/><h2 class=\"woocommerce-loop-product__title\">Fore Kaz\u0131k Paspaylar\u0131 \/ Ankraj Halat Ay\u0131r\u0131c\u0131 &#8211; Birle\u015ftirici elemanlar<\/h2>\n<\/a><a href=\"https:\/\/www.cim.com.tr\/en\/product\/fore-kazik-paspaylari-ankraj-halat-ayirici-birlestirici-elemanlar\/\" data-quantity=\"1\" class=\"button product_type_simple\" data-product_id=\"127\" data-product_sku=\"\" aria-label=\"\u201cFore Kaz\u0131k Paspaylar\u0131 \/ Ankraj Halat Ay\u0131r\u0131c\u0131 - Birle\u015ftirici elemanlar\u201d hakk\u0131nda daha fazla bilgi edinin\" aria-describedby=\"\" rel=\"nofollow\" data-no-translation=\"\" data-trp-gettext=\"\" data-no-translation-aria-label=\"\">Read more<\/a><\/li>\n<\/ul>\n<\/div>","protected":false},"excerpt":{"rendered":"","protected":false},"author":1,"featured_media":0,"parent":0,"menu_order":0,"comment_status":"closed","ping_status":"closed","template":"","meta":{"footnotes":""},"class_list":["post-123","page","type-page","status-publish","hentry"],"_links":{"self":[{"href":"https:\/\/www.cim.com.tr\/en\/wp-json\/wp\/v2\/pages\/123","targetHints":{"allow":["GET"]}}],"collection":[{"href":"https:\/\/www.cim.com.tr\/en\/wp-json\/wp\/v2\/pages"}],"about":[{"href":"https:\/\/www.cim.com.tr\/en\/wp-json\/wp\/v2\/types\/page"}],"author":[{"embeddable":true,"href":"https:\/\/www.cim.com.tr\/en\/wp-json\/wp\/v2\/users\/1"}],"replies":[{"embeddable":true,"href":"https:\/\/www.cim.com.tr\/en\/wp-json\/wp\/v2\/comments?post=123"}],"version-history":[{"count":1,"href":"https:\/\/www.cim.com.tr\/en\/wp-json\/wp\/v2\/pages\/123\/revisions"}],"predecessor-version":[{"id":124,"href":"https:\/\/www.cim.com.tr\/en\/wp-json\/wp\/v2\/pages\/123\/revisions\/124"}],"wp:attachment":[{"href":"https:\/\/www.cim.com.tr\/en\/wp-json\/wp\/v2\/media?parent=123"}],"curies":[{"name":"wp","href":"https:\/\/api.w.org\/{rel}","templated":true}]}}