{"id":12,"date":"2024-01-11T13:32:30","date_gmt":"2024-01-11T10:32:30","guid":{"rendered":"https:\/\/cim.com.tr\/?page_id=12"},"modified":"2024-01-11T13:32:30","modified_gmt":"2024-01-11T10:32:30","slug":"vizyon-misyon","status":"publish","type":"page","link":"https:\/\/www.cim.com.tr\/vizyon-misyon\/","title":{"rendered":"V\u0130ZYON-M\u0130SYON"},"content":{"rendered":"<div class=\"wp-block-columns is-layout-flex wp-container-core-columns-is-layout-9d6595d7 wp-block-columns-is-layout-flex\">\n<div class=\"wp-block-column is-layout-flow wp-block-column-is-layout-flow\">\n<p class=\"has-text-align-center\"><strong>V\u0130ZYONUMUZ<\/strong><\/p>\n\n\n\n<hr class=\"wp-block-separator has-alpha-channel-opacity\"\/>\n\n\n\n<p>\u00c7im Plastik olarak vizyonumuz, plastik end\u00fcstrisinde lider bir konumda yer almak ve global \u00f6l\u00e7ekte tan\u0131nan, yenilik\u00e7i, \u00e7evre dostu \u00e7\u00f6z\u00fcmler sunan bir marka olmakt\u0131r.<a href=\"https:\/\/cim.com.tr\/#\"><\/a><\/p>\n<\/div>\n\n\n\n<div class=\"wp-block-column is-layout-flow wp-block-column-is-layout-flow\">\n<p class=\"has-text-align-center\"><strong>M\u0130SYONUMUZ<\/strong><\/p>\n\n\n\n<hr class=\"wp-block-separator has-alpha-channel-opacity\"\/>\n\n\n\n<p>\u00c7im Plastik olarak misyonumuz, yenilik\u00e7i ve s\u00fcrd\u00fcr\u00fclebilir plastik \u00e7\u00f6z\u00fcmler sunarak, m\u00fc\u015fterilerimizin ihtiya\u00e7lar\u0131n\u0131 en \u00fcst d\u00fczeyde kar\u015f\u0131lamak, \u00e7evresel etkileri azaltmak ve sekt\u00f6rde \u00f6nc\u00fc bir rol oynamakt\u0131r.<a href=\"https:\/\/cim.com.tr\/#\"><\/a><\/p>\n<\/div>\n<\/div>","protected":false},"excerpt":{"rendered":"<p>V\u0130ZYONUMUZ \u00c7im Plastik olarak vizyonumuz, plastik end\u00fcstrisinde lider bir konumda yer almak ve global \u00f6l\u00e7ekte tan\u0131nan, yenilik\u00e7i, \u00e7evre dostu \u00e7\u00f6z\u00fcmler sunan bir marka olmakt\u0131r. M\u0130SYONUMUZ \u00c7im Plastik olarak misyonumuz, yenilik\u00e7i ve s\u00fcrd\u00fcr\u00fclebilir plastik \u00e7\u00f6z\u00fcmler sunarak, m\u00fc\u015fterilerimizin ihtiya\u00e7lar\u0131n\u0131 en \u00fcst d\u00fczeyde kar\u015f\u0131lamak, \u00e7evresel etkileri azaltmak ve sekt\u00f6rde \u00f6nc\u00fc bir rol oynamakt\u0131r.<\/p>","protected":false},"author":1,"featured_media":0,"parent":0,"menu_order":0,"comment_status":"closed","ping_status":"closed","template":"","meta":{"footnotes":""},"class_list":["post-12","page","type-page","status-publish","hentry"],"_links":{"self":[{"href":"https:\/\/www.cim.com.tr\/en\/wp-json\/wp\/v2\/pages\/12","targetHints":{"allow":["GET"]}}],"collection":[{"href":"https:\/\/www.cim.com.tr\/en\/wp-json\/wp\/v2\/pages"}],"about":[{"href":"https:\/\/www.cim.com.tr\/en\/wp-json\/wp\/v2\/types\/page"}],"author":[{"embeddable":true,"href":"https:\/\/www.cim.com.tr\/en\/wp-json\/wp\/v2\/users\/1"}],"replies":[{"embeddable":true,"href":"https:\/\/www.cim.com.tr\/en\/wp-json\/wp\/v2\/comments?post=12"}],"version-history":[{"count":1,"href":"https:\/\/www.cim.com.tr\/en\/wp-json\/wp\/v2\/pages\/12\/revisions"}],"predecessor-version":[{"id":13,"href":"https:\/\/www.cim.com.tr\/en\/wp-json\/wp\/v2\/pages\/12\/revisions\/13"}],"wp:attachment":[{"href":"https:\/\/www.cim.com.tr\/en\/wp-json\/wp\/v2\/media?parent=12"}],"curies":[{"name":"wp","href":"https:\/\/api.w.org\/{rel}","templated":true}]}}