{"id":10,"date":"2024-01-11T13:31:08","date_gmt":"2024-01-11T10:31:08","guid":{"rendered":"https:\/\/cim.com.tr\/?page_id=10"},"modified":"2024-01-31T09:24:05","modified_gmt":"2024-01-31T06:24:05","slug":"hakkimizda","status":"publish","type":"page","link":"https:\/\/www.cim.com.tr\/hakkimizda\/","title":{"rendered":"HAKKIMIZDA"},"content":{"rendered":"<p>Firmam\u0131z 1992 y\u0131l\u0131nda \u00c7\u0130M \u0130n\u015faat ve Makina Ticaret Ltd. \u015eti. ad\u0131 ile kurulmu\u015f olup, tescilini elinde bulundurdu\u011fu \u00c7\u0130M PLAST\u0130K markas\u0131 ad\u0131 alt\u0131nda 1998 y\u0131l\u0131ndan itibaren; tecr\u00fcbeli, gen\u00e7 ve dinamik ekibi ile ko\u015fulsuz m\u00fc\u015fteri memnuniyetini \u00f6n planda tutarak \u00e7e\u015fitli \u00f6l\u00e7\u00fclerde plastik paspaylar\u0131, pah \u00e7\u0131talar\u0131, tij-rot boru ve ba\u015fl\u0131klar\u0131, derz art\u0131lar\u0131, farkl\u0131 ama\u00e7lar i\u00e7in d\u00fcbeller gibi \u00fcr\u00fcnlerin imalat\u0131n\u0131 ger\u00e7ekle\u015ftirmektedir. Sat\u0131\u015f a\u011f\u0131m\u0131z yurdumuzun her b\u00f6lgesine ula\u015ft\u0131\u011f\u0131 gibi, yurtd\u0131\u015f\u0131 pazarlarda da \u00fcr\u00fcn kalitesi, h\u0131zl\u0131 servis ve m\u00fc\u015fteri memnuniyeti ile birlikte yerini alm\u0131\u015ft\u0131r<\/p>","protected":false},"excerpt":{"rendered":"<p>Firmam\u0131z 1992 y\u0131l\u0131nda \u00c7\u0130M \u0130n\u015faat ve Makina Ticaret Ltd. \u015eti. ad\u0131 ile kurulmu\u015f olup, tescilini elinde bulundurdu\u011fu \u00c7\u0130M PLAST\u0130K markas\u0131 ad\u0131 alt\u0131nda 1998 y\u0131l\u0131ndan itibaren; tecr\u00fcbeli, gen\u00e7 ve dinamik ekibi ile ko\u015fulsuz m\u00fc\u015fteri memnuniyetini \u00f6n planda tutarak \u00e7e\u015fitli \u00f6l\u00e7\u00fclerde plastik paspaylar\u0131, pah \u00e7\u0131talar\u0131, tij-rot boru ve ba\u015fl\u0131klar\u0131, derz art\u0131lar\u0131, farkl\u0131 ama\u00e7lar i\u00e7in d\u00fcbeller gibi \u00fcr\u00fcnlerin [&hellip;]<\/p>","protected":false},"author":1,"featured_media":0,"parent":0,"menu_order":0,"comment_status":"closed","ping_status":"closed","template":"","meta":{"footnotes":""},"class_list":["post-10","page","type-page","status-publish","hentry"],"_links":{"self":[{"href":"https:\/\/www.cim.com.tr\/en\/wp-json\/wp\/v2\/pages\/10","targetHints":{"allow":["GET"]}}],"collection":[{"href":"https:\/\/www.cim.com.tr\/en\/wp-json\/wp\/v2\/pages"}],"about":[{"href":"https:\/\/www.cim.com.tr\/en\/wp-json\/wp\/v2\/types\/page"}],"author":[{"embeddable":true,"href":"https:\/\/www.cim.com.tr\/en\/wp-json\/wp\/v2\/users\/1"}],"replies":[{"embeddable":true,"href":"https:\/\/www.cim.com.tr\/en\/wp-json\/wp\/v2\/comments?post=10"}],"version-history":[{"count":4,"href":"https:\/\/www.cim.com.tr\/en\/wp-json\/wp\/v2\/pages\/10\/revisions"}],"predecessor-version":[{"id":266,"href":"https:\/\/www.cim.com.tr\/en\/wp-json\/wp\/v2\/pages\/10\/revisions\/266"}],"wp:attachment":[{"href":"https:\/\/www.cim.com.tr\/en\/wp-json\/wp\/v2\/media?parent=10"}],"curies":[{"name":"wp","href":"https:\/\/api.w.org\/{rel}","templated":true}]}}